{"id":107,"date":"2025-12-08T21:50:47","date_gmt":"2025-12-08T21:50:47","guid":{"rendered":"https:\/\/testesjps.pt\/?page_id=107"},"modified":"2026-05-13T23:11:01","modified_gmt":"2026-05-13T23:11:01","slug":"docs","status":"publish","type":"page","link":"https:\/\/www.cninfante.pt\/en\/docs\/","title":{"rendered":"Documents"},"content":{"rendered":"<div id=\"wp-block-themeisle-blocks-tabs-933ef1cc\" class=\"wp-block-themeisle-blocks-tabs\"><div class=\"wp-block-themeisle-blocks-tabs__content\">\n<div data-title=\"Documentos Oficiais\" class=\"wp-block-themeisle-blocks-tabs-item\"><div class=\"wp-block-themeisle-blocks-tabs-item__header\" tabindex=\"0\">Documentos Oficiais<\/div><div class=\"wp-block-themeisle-blocks-tabs-item__content\">\n<p><a href=\"http:\/\/cninfante.pt\/wp-content\/uploads\/2025\/12\/Estatutos-1.pdf\" data-type=\"attachment\" data-id=\"5874\" target=\"_blank\" rel=\"noreferrer noopener\">Estatutos do Clube Naval Infante D. Henrique<\/a><\/p>\n\n\n\n<p>Declara\u00e7\u00e3o de Insitui\u00e7\u00e3o de Utilidade P\u00fablica<\/p>\n\n\n\n<p><a href=\"http:\/\/cninfante.pt\/wp-content\/uploads\/2026\/01\/0018700187-1.pdf\" data-type=\"attachment\" data-id=\"6104\">Medalha de Honra ao M\u00e9rito Desportivo (Despacho n.\u00ba 8844\/2025)<\/a><\/p>\n\n\n\n<p>Regulamento de Quotas<\/p>\n<\/div><\/div>\n\n\n\n<div data-title=\"Documentos das AGs\" class=\"wp-block-themeisle-blocks-tabs-item\"><div class=\"wp-block-themeisle-blocks-tabs-item__header\" tabindex=\"0\">Documentos das AGs<\/div><div class=\"wp-block-themeisle-blocks-tabs-item__content\">\n<p>Disponibilizamos para consulta os documentos relativos \u00e0 atividade do Clube.<\/p>\n\n\n\n<div id=\"wp-block-themeisle-blocks-accordion-dc7334d3\" class=\"wp-block-themeisle-blocks-accordion exclusive\">\n<details class=\"wp-block-themeisle-blocks-accordion-item\"><summary class=\"wp-block-themeisle-blocks-accordion-item__title\"><div>Documentos 2026<\/div><\/summary><div class=\"wp-block-themeisle-blocks-accordion-item__content\">\n<div class=\"wp-block-file\"><a id=\"wp-block-file--media-1da4bfbd-b07b-4ff6-b9af-7d30422371c0\" href=\"https:\/\/www.cninfante.pt\/wp-content\/uploads\/2025\/12\/ORCAMENTO_2026_signed.pdf\">OR\u00c7AMENTO_2026_signed<\/a><\/div>\n\n\n\n<div class=\"wp-block-file\"><a id=\"wp-block-file--media-c6598f33-371c-492d-b929-55a3c5fae03d\" href=\"https:\/\/www.cninfante.pt\/wp-content\/uploads\/2025\/12\/PLANO-DE-ATIVIDADES-2026_signed.pdf\">PLANO DE ATIVIDADES 2026_signed<\/a><\/div>\n\n\n<\/div><\/details>\n\n\n\n<details class=\"wp-block-themeisle-blocks-accordion-item\"><summary class=\"wp-block-themeisle-blocks-accordion-item__title\"><div>Documentos 2025<\/div><\/summary><div class=\"wp-block-themeisle-blocks-accordion-item__content\">\n<div class=\"wp-block-file\"><a id=\"wp-block-file--media-a2016959-4de5-4ac0-9757-8e016bd93c91\" href=\"https:\/\/www.cninfante.pt\/wp-content\/uploads\/2026\/03\/RELATORIO-E-CONTAS-2025_v2.pdf\">RELAT\u00d3RIO E CONTAS 2025_v2<\/a><\/div>\n\n\n\n<div class=\"wp-block-file\"><a id=\"wp-block-file--media-e283d1d7-c7c7-4288-a693-3044f1967d54\" href=\"https:\/\/www.cninfante.pt\/wp-content\/uploads\/2026\/03\/Balancete-resumo-por-centros-de-custo-2025_signed_signed.pdf\">Balancete resumo por centros de custo 2025_signed<\/a><\/div>\n\n\n\n<div class=\"wp-block-file\"><a id=\"wp-block-file--media-13964265-4936-4009-85ff-ba104fea3d8b\" href=\"https:\/\/www.cninfante.pt\/wp-content\/uploads\/2026\/03\/Balanco-2025_signed_signed.pdf\">Balan\u00e7o 2025_signed<\/a><\/div>\n\n\n\n<div class=\"wp-block-file\"><a id=\"wp-block-file--media-518f09d6-edc3-45a0-ac05-fce20b7c5250\" href=\"https:\/\/www.cninfante.pt\/wp-content\/uploads\/2026\/03\/Demonstracao-dos-resultados-2025_signed_signed.pdf\">Demonstra\u00e7\u00e3o dos resultados 2025_signed<\/a><\/div>\n\n\n\n<div class=\"wp-block-file\"><a id=\"wp-block-file--media-cec934e1-4055-44d5-b06d-8ca1c85ceff7\" href=\"https:\/\/www.cninfante.pt\/wp-content\/uploads\/2026\/03\/apuramento-resultados-por-actividade-2025_signed_signed.pdf\">apuramento resultados por actividade 2025_signed<\/a><\/div>\n\n\n\n<div class=\"wp-block-file\"><a id=\"wp-block-file--media-1660a1a4-ebda-4dc0-a8b3-3711ca3b6162\" href=\"https:\/\/www.cninfante.pt\/wp-content\/uploads\/2026\/03\/balancete-13o-periodo_2025_signed_signed.pdf\">balancete 13\u00ba periodo_2025_signed<\/a><\/div>\n\n\n\n<div class=\"wp-block-file\"><a id=\"wp-block-file--media-59a772a7-15d1-4afb-990c-163ad16c99d4\" href=\"https:\/\/www.cninfante.pt\/wp-content\/uploads\/2026\/03\/balancete-razao-final-2025_signed_signed.pdf\">balancete raz\u00e3o final 2025_signed<\/a><\/div>\n\n\n\n<div class=\"wp-block-file\"><a id=\"wp-block-file--media-7d94ec31-b4e6-446a-9618-d4fd3c4991c5\" href=\"https:\/\/www.cninfante.pt\/wp-content\/uploads\/2025\/11\/CNIDH-CONVOCATORIA-AG-29.12.2025_signed.pdf\">CNIDH CONVOCATO\u0301RIA AG 29.12.2025_signed<\/a><\/div>\n\n\n\n<div class=\"wp-block-file\"><a id=\"wp-block-file--media-89f1c4e9-2db8-42d0-9df1-b9eebf567d5d\" href=\"https:\/\/www.cninfante.pt\/wp-content\/uploads\/2025\/11\/CNIDH-CONVOCATORIA-AG-16.12.2025_signed.pdf\">CNIDH CONVOCATO\u0301RIA AG 16.12.2025_signed<\/a><\/div>\n\n\n\n<div class=\"wp-block-file\"><a id=\"wp-block-file--media-6146aae6-7198-476a-a8f8-610d38c00206\" href=\"https:\/\/www.cninfante.pt\/wp-content\/uploads\/2025\/03\/CNIDH-CONVOCATORIA-AG-28.03.2025_signed.pdf\">CNIDH-CONVOCATORIA-AG-28.03.2025_signed<\/a><\/div>\n\n\n\n<div class=\"wp-block-file\"><a id=\"wp-block-file--media-4ec0bb3e-a129-499c-bf2f-94302812a5db\" href=\"https:\/\/www.cninfante.pt\/wp-content\/uploads\/2024\/12\/ORCAMENTO_2025_ass.pdf\">ORCAMENTO_2025_SIGNED<\/a><\/div>\n\n\n\n<div class=\"wp-block-file\"><a id=\"wp-block-file--media-66f245a6-4e19-4c85-abdc-c501f49dede3\" href=\"https:\/\/www.cninfante.pt\/wp-content\/uploads\/2024\/12\/PLANO-DE-ACTIVIDADES-2025_v1.pdf\">PLANO-DE-ACTIVIDADES-2025_v1<\/a><\/div>\n<\/div><\/details>\n\n\n\n<details class=\"wp-block-themeisle-blocks-accordion-item\"><summary class=\"wp-block-themeisle-blocks-accordion-item__title\"><div>Documentos 2024<\/div><\/summary><div class=\"wp-block-themeisle-blocks-accordion-item__content\">\n<div class=\"wp-block-file\"><a id=\"wp-block-file--media-7fab4f98-f93c-476d-8bd0-c3ef0399a423\" href=\"https:\/\/www.cninfante.pt\/wp-content\/uploads\/2026\/05\/RELATORIO-E-CONTAS-2024_assinado_aprovado.pdf\">RELATORIO-E-CONTAS-2024_assinado_aprovado<\/a><\/div>\n\n\n\n<div class=\"wp-block-file\"><a id=\"wp-block-file--media-d9b6f159-4a24-46d3-9e39-50cff276201b\" href=\"https:\/\/www.cninfante.pt\/wp-content\/uploads\/2025\/03\/balancete-13o-periodo_2024_signed-1.pdf\">balancete-13o-periodo_2024_signed<\/a><\/div>\n\n\n\n<div class=\"wp-block-file\"><a id=\"wp-block-file--media-6f17bff2-84bd-4160-b837-68e194a98ff0\" href=\"https:\/\/www.cninfante.pt\/wp-content\/uploads\/2025\/03\/balancete-razao-final-2024_signed.pdf\">balancete-razao-final-2024_signed<\/a><\/div>\n\n\n\n<div class=\"wp-block-file\"><a id=\"wp-block-file--media-872329e6-83af-4316-80c4-5a178be75612\" href=\"https:\/\/www.cninfante.pt\/wp-content\/uploads\/2025\/03\/Balanco-2024_signed2.pdf\">Balanco-2024_signed<\/a><\/div>\n\n\n\n<div class=\"wp-block-file\"><a id=\"wp-block-file--media-9e15d54e-f613-461b-a0e4-1066bc6c7bd6\" href=\"https:\/\/www.cninfante.pt\/wp-content\/uploads\/2024\/12\/CNIDH-CONVOCATORIA-AG-13.12.2024_signed.pdf\">CNIDH-CONVOCATORIA-AG-13.12.2024_signed<\/a><\/div>\n<\/div><\/details>\n\n\n\n<details class=\"wp-block-themeisle-blocks-accordion-item\"><summary class=\"wp-block-themeisle-blocks-accordion-item__title\"><div>Documentos 2023<\/div><\/summary><div class=\"wp-block-themeisle-blocks-accordion-item__content\">\n<div class=\"wp-block-file\"><a id=\"wp-block-file--media-9e6a58f4-0d75-4459-8462-e262256fdf51\" href=\"https:\/\/www.cninfante.pt\/wp-content\/uploads\/2026\/05\/RELATORIO-E-CONTAS-2023_assinado_P-AG.pdf\">RELATORIO E CONTAS 2023_assinado_P-AG<\/a><\/div>\n\n\n\n<div class=\"wp-block-file\"><a id=\"wp-block-file--media-dcbf010b-6b41-41e2-8df4-c8faea3aaf04\" href=\"https:\/\/www.cninfante.pt\/wp-content\/uploads\/2023\/10\/Convocatoria-Eleicao-dos-Corpos-Sociais-do-CNIDH-Bienio-de-2024-2025.jpg\">Convocatoria-Eleicao-dos-Corpos-Sociais-do-CNIDH-Bienio-de-2024-2025<\/a><\/div>\n<\/div><\/details>\n\n\n\n<details class=\"wp-block-themeisle-blocks-accordion-item\"><summary class=\"wp-block-themeisle-blocks-accordion-item__title\"><div>Documentos 2022<\/div><\/summary><div class=\"wp-block-themeisle-blocks-accordion-item__content\">\n<div class=\"wp-block-file\"><a id=\"wp-block-file--media-32d6c3bc-f310-4024-9ecb-9f2ab8784ee8\" href=\"https:\/\/www.cninfante.pt\/wp-content\/uploads\/2026\/05\/RELATORIO_ATIVIDADE_2022_signed.pdf\">RELATORIO_ATIVIDADE_2022_signed<\/a><\/div>\n\n\n<\/div><\/details>\n\n\n\n<details class=\"wp-block-themeisle-blocks-accordion-item\"><summary class=\"wp-block-themeisle-blocks-accordion-item__title\"><div>Documentos 2021<\/div><\/summary><div class=\"wp-block-themeisle-blocks-accordion-item__content\">\n<div class=\"wp-block-file\"><a id=\"wp-block-file--media-d92e63fd-77fb-4ebe-b127-080f3e6dbc1c\" href=\"https:\/\/www.cninfante.pt\/wp-content\/uploads\/2026\/05\/Relatorio_atividade_2021.pdf\">Relatorio_atividade_2021<\/a><\/div>\n<\/div><\/details>\n\n\n\n<details class=\"wp-block-themeisle-blocks-accordion-item\"><summary class=\"wp-block-themeisle-blocks-accordion-item__title\"><div>Documentos 2020<\/div><\/summary><div class=\"wp-block-themeisle-blocks-accordion-item__content\">\n<div class=\"wp-block-file\"><a id=\"wp-block-file--media-6dc91368-b473-47d5-9a61-c599c05d7226\" href=\"https:\/\/www.cninfante.pt\/wp-content\/uploads\/2026\/05\/RELATORIO_ATIVIDADE_2020.pdf\">RELATORIO_ATIVIDADE_2020<\/a><\/div>\n<\/div><\/details>\n<\/div>\n<\/div><\/div>\n\n\n\n<div data-title=\"Outros\" class=\"wp-block-themeisle-blocks-tabs-item\"><div class=\"wp-block-themeisle-blocks-tabs-item__header\" tabindex=\"0\">Outros<\/div><div class=\"wp-block-themeisle-blocks-tabs-item__content\">\n<div id=\"wp-block-themeisle-blocks-accordion-5ca33219\" class=\"wp-block-themeisle-blocks-accordion exclusive\">\n<details class=\"wp-block-themeisle-blocks-accordion-item\"><summary class=\"wp-block-themeisle-blocks-accordion-item__title\"><div>Hino do Infante<\/div><\/summary><div class=\"wp-block-themeisle-blocks-accordion-item__content\">\n<figure class=\"wp-block-audio\"><audio controls src=\"http:\/\/cninfante.pt\/wp-content\/uploads\/2025\/12\/hinoinfante-1.mp3\"><\/audio><\/figure>\n\n\n\n<p class=\"has-black-color has-text-color has-link-color wp-elements-cc57355ff6bf678e98c3334d47ba0204\">Ser INFANTE \u00e9 ter vis\u00e3o<br>Dum futuro promissor<br>\u00c9 viver na confian\u00e7a<br>Que brota do seu vigor<\/p>\n\n\n\n<p class=\"has-black-color has-text-color has-link-color wp-elements-a95e58bae433758dc6b0cf96f4d14093\">Um henriquino tem certo<br>O que o seu poder encerra<br>Porque sabe que engrandece<br>O nome da sua terra<\/p>\n\n\n\n<p class=\"has-text-color has-link-color wp-elements-abc911c7515bc22bfff958d9d0ac3eb7\" style=\"color:#203263\"><strong>INFANTE, INFANTE, INFANTE<br>Tua vida \u00e9 navegar<br>Numa voga triunfante<br>\u00c9 o teu sonho a despertar<\/strong><\/p>\n\n\n\n<p class=\"has-text-color has-link-color wp-elements-c0ac0c516fa07b559841ebabfb3371cb\" style=\"color:#203263\"><strong>INFANTE, INFANTE, INFANTE<br>P\u00f5e \u00e0 prova o teu saber<br>Numa luta de gigante<br>Com vontade de vencer<\/strong><\/p>\n\n\n\n<p class=\"has-black-color has-text-color has-link-color wp-elements-c207431dea60e3143f1ee27a21736e55\">No seu vai e vem constante<br>O rio Douro n\u00e3o cansa<br>De acarinhar esta armada<br>Desde os tempos de crian\u00e7a<\/p>\n\n\n\n<p class=\"has-text-color has-link-color wp-elements-abc911c7515bc22bfff958d9d0ac3eb7\" style=\"color:#203263\"><strong>INFANTE, INFANTE, INFANTE<br>Tua vida \u00e9 navegar<br>Numa voga triunfante<br>\u00c9 o teu sonho a despertar<\/strong><\/p>\n\n\n\n<p class=\"has-text-color has-link-color wp-elements-c0ac0c516fa07b559841ebabfb3371cb\" style=\"color:#203263\"><strong>INFANTE, INFANTE, INFANTE<br>P\u00f5e \u00e0 prova o teu saber<br>Numa luta de gigante<br>Com vontade de vencer<\/strong><\/p>\n\n\n\n<p class=\"has-black-color has-text-color has-link-color wp-elements-57e382bdd6d89246b6eefd54106ca829\">GRITO<\/p>\n\n\n\n<p class=\"has-black-color has-text-color has-link-color wp-elements-a090b2e8beac7e2cc4552ee1951124d1\">\u00c9 UM CLUBE FANT\u00c1STICO<br>SEMPRE A REMAR<\/p>\n\n\n\n<p class=\"has-black-color has-text-color has-link-color wp-elements-d2d13018b84809f07ed89f07ab0c294c\">\u00c9S A NOSSA F\u00c9<br>OL\u00c9 INFANTE, OL\u00c9<\/p>\n\n\n\n<p class=\"has-black-color has-text-color has-link-color wp-elements-d51376e714ca212c94a572f01afeb137\">INFANTE, INFANTE, INFANTE<\/p>\n<\/div><\/details>\n<\/div>\n<\/div><\/div>\n<\/div><\/div>\n\n\n\n<p><\/p>","protected":false},"excerpt":{"rendered":"","protected":false},"author":1,"featured_media":6195,"parent":0,"menu_order":0,"comment_status":"closed","ping_status":"closed","template":"","meta":{"_themeisle_gutenberg_block_has_review":false,"footnotes":""},"class_list":["post-107","page","type-page","status-publish","has-post-thumbnail","hentry"],"_links":{"self":[{"href":"https:\/\/www.cninfante.pt\/en\/wp-json\/wp\/v2\/pages\/107","targetHints":{"allow":["GET"]}}],"collection":[{"href":"https:\/\/www.cninfante.pt\/en\/wp-json\/wp\/v2\/pages"}],"about":[{"href":"https:\/\/www.cninfante.pt\/en\/wp-json\/wp\/v2\/types\/page"}],"author":[{"embeddable":true,"href":"https:\/\/www.cninfante.pt\/en\/wp-json\/wp\/v2\/users\/1"}],"replies":[{"embeddable":true,"href":"https:\/\/www.cninfante.pt\/en\/wp-json\/wp\/v2\/comments?post=107"}],"version-history":[{"count":12,"href":"https:\/\/www.cninfante.pt\/en\/wp-json\/wp\/v2\/pages\/107\/revisions"}],"predecessor-version":[{"id":7610,"href":"https:\/\/www.cninfante.pt\/en\/wp-json\/wp\/v2\/pages\/107\/revisions\/7610"}],"wp:featuredmedia":[{"embeddable":true,"href":"https:\/\/www.cninfante.pt\/en\/wp-json\/wp\/v2\/media\/6195"}],"wp:attachment":[{"href":"https:\/\/www.cninfante.pt\/en\/wp-json\/wp\/v2\/media?parent=107"}],"curies":[{"name":"wp","href":"https:\/\/api.w.org\/{rel}","templated":true}]}}