{"id":123,"date":"2025-12-08T21:57:22","date_gmt":"2025-12-08T21:57:22","guid":{"rendered":"https:\/\/testesjps.pt\/?page_id=123"},"modified":"2025-12-08T21:57:22","modified_gmt":"2025-12-08T21:57:22","slug":"orgaos-sociais","status":"publish","type":"page","link":"https:\/\/www.cninfante.pt\/en\/orgaos-sociais\/","title":{"rendered":"Governing Bodies"},"content":{"rendered":"<p>Following the General Meeting of the Clube Naval Infante D. Henrique held on 21 November 2025, the following governing bodies were elected for the 2026\u20132027 term<\/p>\n\n\n\n<div style=\"height:42px\" aria-hidden=\"true\" class=\"wp-block-spacer\"><\/div>\n\n\n\n<p><strong>GENERAL ASSEMBLY<\/strong><\/p>\n\n\n\n<figure class=\"wp-block-table is-style-stripes\"><table class=\"has-fixed-layout\"><thead><tr><th>Postion<\/th><th>Name<\/th><\/tr><\/thead><tbody><tr><td>President<\/td><td>Ant\u00f3nio Fernando Monteiro Pereira Silva<\/td><\/tr><tr><td>Vice-President<\/td><td>Herculano Moura de Jesus Vieira<\/td><\/tr><tr><td>First Secretary<\/td><td>Susana Pereira Sousa Ribeiro Almeida<\/td><\/tr><tr><td>Second Secretary<\/td><td>Suzana Maria Rodrigues Rios Oliveira<\/td><\/tr><\/tbody><\/table><\/figure>\n\n\n\n<div style=\"height:42px\" aria-hidden=\"true\" class=\"wp-block-spacer\"><\/div>\n\n\n\n<p><strong>BOARD OF DIRECTORS<\/strong><\/p>\n\n\n\n<figure class=\"wp-block-table is-style-stripes\"><table class=\"has-fixed-layout\"><thead><tr><th>Postion<\/th><th>Name<\/th><\/tr><\/thead><tbody><tr><td>President<\/td><td>Arnaldo Eduardo Basto Nunes de Azevedo<\/td><\/tr><tr><td>Vice-President<\/td><td>Manuel Jos\u00e9 Nogueira de Castro<\/td><\/tr><tr><td>Treasurer<\/td><td>Frederico Ricardo Moreira Abreu<\/td><\/tr><tr><td>First Secretary<\/td><td>Andreia Elisabete Carvalho Ribeiro<\/td><\/tr><tr><td>Second Secretary<\/td><td>Andr\u00e9 Augusto Silva Pereira<\/td><\/tr><tr><td>Inspector<\/td><td>Ricardo Miguel Pereira Santos<\/td><\/tr><tr><td>Vice-Inspector<\/td><td>Ant\u00f3nio Alberto Silva Pedrosa<\/td><\/tr><tr><td>Director<\/td><td>Jo\u00e3o Paulo Ribeiro de Sousa<\/td><\/tr><tr><td>Director<\/td><td>Jos\u00e9 Jorge Brand\u00e3o Castro Moreira<\/td><\/tr><tr><td>Director<\/td><td>Ana Margarida Moreira Nunes de Azevedo<\/td><\/tr><tr><td>Director<\/td><td>Carlos Alberto de Sousa Castanheira<\/td><\/tr><tr><td>Substitute<\/td><td>V\u00edtor Eduardo Castro Silva<\/td><\/tr><tr><td>Substitute<\/td><td>Avelino da Silva Moreira<\/td><\/tr><tr><td>Substitute<\/td><td>V\u00edtor Ant\u00f3nio Costelha Pinto<\/td><\/tr><\/tbody><\/table><\/figure>\n\n\n\n<div style=\"height:42px\" aria-hidden=\"true\" class=\"wp-block-spacer\"><\/div>\n\n\n\n<p><strong>FISCAL COUNCIL<\/strong><\/p>\n\n\n\n<figure class=\"wp-block-table is-style-stripes\"><table class=\"has-fixed-layout\"><thead><tr><th>Postion<\/th><th>Name<\/th><\/tr><\/thead><tbody><tr><td>President<\/td><td>Olinda Concei\u00e7\u00e3o Vieira Santos Tiago<\/td><\/tr><tr><td>Rapporteur<\/td><td>In\u00eas Ramos Dur\u00e3es<\/td><\/tr><tr><td>Secretary<\/td><td>Sandro David Moreira Silva<\/td><\/tr><\/tbody><\/table><\/figure>\n\n\n\n<div style=\"height:42px\" aria-hidden=\"true\" class=\"wp-block-spacer\"><\/div>\n\n\n\n<p><\/p>","protected":false},"excerpt":{"rendered":"<p>Em resultado da Assembleia Eleitoral do Clube Naval Infante D. Henrique, de 21 de novembro de 2025, foram eleitos os seguintes \u00d3rg\u00e3os Sociais para o bi\u00e9nio 2026\/2027 ASSEMBLEIA GERAL Cargo Nome Presidente Ant\u00f3nio Fernando Monteiro Pereira Silva Vice-Presidente Herculano Moura de Jesus Vieira 1\u00ba Secret\u00e1rio Susana Pereira Sousa Ribeiro Almeida [&hellip;]<\/p>\n","protected":false},"author":1,"featured_media":220,"parent":0,"menu_order":0,"comment_status":"closed","ping_status":"closed","template":"","meta":{"_themeisle_gutenberg_block_has_review":false,"footnotes":""},"class_list":["post-123","page","type-page","status-publish","has-post-thumbnail","hentry"],"_links":{"self":[{"href":"https:\/\/www.cninfante.pt\/en\/wp-json\/wp\/v2\/pages\/123","targetHints":{"allow":["GET"]}}],"collection":[{"href":"https:\/\/www.cninfante.pt\/en\/wp-json\/wp\/v2\/pages"}],"about":[{"href":"https:\/\/www.cninfante.pt\/en\/wp-json\/wp\/v2\/types\/page"}],"author":[{"embeddable":true,"href":"https:\/\/www.cninfante.pt\/en\/wp-json\/wp\/v2\/users\/1"}],"replies":[{"embeddable":true,"href":"https:\/\/www.cninfante.pt\/en\/wp-json\/wp\/v2\/comments?post=123"}],"version-history":[{"count":0,"href":"https:\/\/www.cninfante.pt\/en\/wp-json\/wp\/v2\/pages\/123\/revisions"}],"wp:featuredmedia":[{"embeddable":true,"href":"https:\/\/www.cninfante.pt\/en\/wp-json\/wp\/v2\/media\/220"}],"wp:attachment":[{"href":"https:\/\/www.cninfante.pt\/en\/wp-json\/wp\/v2\/media?parent=123"}],"curies":[{"name":"wp","href":"https:\/\/api.w.org\/{rel}","templated":true}]}}