{"id":138,"date":"2025-12-08T22:07:49","date_gmt":"2025-12-08T22:07:49","guid":{"rendered":"https:\/\/testesjps.pt\/?page_id=138"},"modified":"2026-05-13T15:53:03","modified_gmt":"2026-05-13T15:53:03","slug":"inscricao-como-socio","status":"publish","type":"page","link":"https:\/\/www.cninfante.pt\/en\/inscricao-como-socio\/","title":{"rendered":"Membership Registration"},"content":{"rendered":"<p>Becoming a member of Clube Naval Infante D. Henrique is the best choice you can make. Join a family of winners, promote sport in our community and strengthen the pride of belonging to a public-interest institution.<\/p>\n\n\n\n<p>Members have the opportunity to take part in the club\u2019s various sports sections, from beginners to veterans, both in competition and leisure activities. Members have an active voice in the club\u2019s decisions, participating and voting in general meetings and club elections, while also contributing directly to its daily life.<\/p>\n\n\n\n<p>By contributing to the achievements of Clube Naval Infante D. Henrique, you are also helping to shape its future. To win!<\/p>\n\n\n\n<p class=\"translation-block\">Membership registration is free of any joining fee. Simply complete the <strong>form available below<\/strong> and submit it, signed, to the Club\u2019s office or by email to <a href=\"mailto:secretaria@cninfante.pt\" target=\"_self\">secretaria@cninfante.pt\n<\/a>. Membership fee amounts can be consulted on the <a href=\"https:\/\/www.cninfante.pt\/en\/quotas-de-atleta\/\" data-type=\"page\" data-id=\"141\" target=\"_self\">Membership Fees page<\/a>.<\/p>\n\n\n\n<p>Admission as a member must be approved at a meeting of <a href=\"https:\/\/www.cninfante.pt\/en\/orgaos-sociais\/\" data-type=\"page\" data-id=\"123\">Board of Directors<\/a>.<\/p>\n\n\n\n<div data-wp-interactive=\"core\/file\" class=\"wp-block-file\"><object data-wp-bind--hidden=\"!state.hasPdfPreview\" hidden class=\"wp-block-file__embed\" data=\"https:\/\/www.cninfante.pt\/wp-content\/uploads\/2025\/12\/admissao_socio_V2.1-1.pdf\" type=\"application\/pdf\" style=\"width:100%;height:600px\" aria-label=\"Embed of admissao_socio_V2.1.\"><\/object><a id=\"wp-block-file--media-99793ac9-fd7e-4fa3-8f75-8363f9193387\" href=\"https:\/\/www.cninfante.pt\/wp-content\/uploads\/2025\/12\/admissao_socio_V2.1-1.pdf\">admissao_socio_V2.1<\/a><a href=\"https:\/\/www.cninfante.pt\/wp-content\/uploads\/2025\/12\/admissao_socio_V2.1-1.pdf\" class=\"wp-block-file__button wp-element-button\" download aria-describedby=\"wp-block-file--media-99793ac9-fd7e-4fa3-8f75-8363f9193387\">Download<\/a><\/div>","protected":false},"excerpt":{"rendered":"<p>Associar-se ao Clube Naval Infante D. Henrique \u00e9 a melhor escolha que pode fazer. Integra uma fam\u00edlia de vencedores, fomenta a pr\u00e1tica desportiva na nossa comunidade e refor\u00e7a o orgulho de pertencer a uma institui\u00e7\u00e3o de utilidade p\u00fablica. O s\u00f3cio tem possibilidade de integrar as v\u00e1rias classes desportivas do clube, [&hellip;]<\/p>\n","protected":false},"author":1,"featured_media":204,"parent":0,"menu_order":0,"comment_status":"closed","ping_status":"closed","template":"","meta":{"_themeisle_gutenberg_block_has_review":false,"footnotes":""},"class_list":["post-138","page","type-page","status-publish","has-post-thumbnail","hentry"],"_links":{"self":[{"href":"https:\/\/www.cninfante.pt\/en\/wp-json\/wp\/v2\/pages\/138","targetHints":{"allow":["GET"]}}],"collection":[{"href":"https:\/\/www.cninfante.pt\/en\/wp-json\/wp\/v2\/pages"}],"about":[{"href":"https:\/\/www.cninfante.pt\/en\/wp-json\/wp\/v2\/types\/page"}],"author":[{"embeddable":true,"href":"https:\/\/www.cninfante.pt\/en\/wp-json\/wp\/v2\/users\/1"}],"replies":[{"embeddable":true,"href":"https:\/\/www.cninfante.pt\/en\/wp-json\/wp\/v2\/comments?post=138"}],"version-history":[{"count":4,"href":"https:\/\/www.cninfante.pt\/en\/wp-json\/wp\/v2\/pages\/138\/revisions"}],"predecessor-version":[{"id":7550,"href":"https:\/\/www.cninfante.pt\/en\/wp-json\/wp\/v2\/pages\/138\/revisions\/7550"}],"wp:featuredmedia":[{"embeddable":true,"href":"https:\/\/www.cninfante.pt\/en\/wp-json\/wp\/v2\/media\/204"}],"wp:attachment":[{"href":"https:\/\/www.cninfante.pt\/en\/wp-json\/wp\/v2\/media?parent=138"}],"curies":[{"name":"wp","href":"https:\/\/api.w.org\/{rel}","templated":true}]}}