{"id":141,"date":"2025-12-08T22:08:17","date_gmt":"2025-12-08T22:08:17","guid":{"rendered":"https:\/\/testesjps.pt\/?page_id=141"},"modified":"2026-05-13T16:09:20","modified_gmt":"2026-05-13T16:09:20","slug":"quotas-de-atleta","status":"publish","type":"page","link":"https:\/\/www.cninfante.pt\/en\/quotas-de-atleta\/","title":{"rendered":"Athlete fees"},"content":{"rendered":"<h2 class=\"wp-block-heading\"><strong>Prices \u2013 Calendar Year 2026<\/strong><\/h2>\n\n\n\n<p>(rates effective from 1 January 2025)<\/p>\n\n\n\n<h2 class=\"wp-block-heading has-text-color has-link-color wp-elements-d9e2c8663c2bda270517f2de3fca6bc8\" style=\"color:#203263\"><strong>Monthly fees<\/strong><\/h2>\n\n\n\n<p>Rowing athletes are required to pay their membership fees and athlete fees on a monthly basis.<\/p>\n\n\n\n<div class=\"wp-block-columns alignwide is-layout-flex wp-container-core-columns-is-layout-d2da2050 wp-block-columns-is-layout-flex\" style=\"margin-bottom:0\">\n<div class=\"wp-block-column has-white-color has-text-color has-background has-link-color wp-elements-e61bc62e43d1d8c332c16c3dfce3ea4b is-layout-flow wp-block-column-is-layout-flow\" style=\"background-color:#a51e21;padding-top:2em;padding-right:2em;padding-bottom:2em;padding-left:2em\">\n<h2 class=\"wp-block-heading\" id=\"single\" style=\"font-size:40px\"><strong>Membership fee<\/strong><\/h2>\n\n\n\n<hr class=\"wp-block-separator has-text-color has-white-color has-alpha-channel-opacity has-white-background-color has-background is-style-wide\"\/>\n\n\n\n<ul class=\"wp-block-list has-normal-font-size\">\n<li>Rowing athletes must be members of Infante: <strong>2,00 \u20ac\/month<\/strong><\/li>\n\n\n\n<li><em>Upon initial registration, a full year\u2019s membership fees is payable (<strong>24,00 \u20ac<\/strong>).<\/em><\/li>\n\n\n\n<li>Membership does not require you to be an athlete.<\/li>\n<\/ul>\n<\/div>\n\n\n\n<div class=\"wp-block-column has-white-color has-text-color has-background has-link-color wp-elements-8f9f46d6c173ed758bd4778aa337cdf6 is-layout-flow wp-block-column-is-layout-flow\" style=\"background-color:#335b8e;padding-top:2em;padding-right:2em;padding-bottom:2em;padding-left:2em\">\n<h2 class=\"wp-block-heading\" id=\"family\" style=\"font-size:40px\"><strong>Athlete's fee<\/strong><\/h2>\n\n\n\n<hr class=\"wp-block-separator has-css-opacity is-style-wide\"\/>\n\n\n\n<ul class=\"wp-block-list has-normal-font-size\">\n<li><strong>Competition Athlete<\/strong>: <strong>30,00 \u20ac<\/strong> (2nd relative:&nbsp;<strong>22,50 \u20ac<\/strong>; other family members:&nbsp;<strong>15,00 \u20ac<\/strong>)<\/li>\n\n\n\n<li><strong>Rowing school \u2013 Beginners\u2019 course<\/strong>: <strong>35,00 \u20ac<\/strong><\/li>\n\n\n\n<li><strong>Recreational Athlete<\/strong>: <strong>35,00 \u20ac<\/strong><\/li>\n<\/ul>\n<\/div>\n<\/div>\n\n\n\n<div style=\"height:30px\" aria-hidden=\"true\" class=\"wp-block-spacer\"><\/div>\n\n\n\n<ul class=\"wp-block-list\">\n<li>Athlete fees must be paid <strong>by the 10th of each month<\/strong>.<\/li>\n\n\n\n<li>After that date, a surcharge of <strong>2,00 \u20ac for each month in arrears<\/strong>.<\/li>\n\n\n\n<li>Athlete fees are payable by <strong>12 months<\/strong> (from September to August).<\/li>\n<\/ul>\n\n\n\n<div class=\"wp-block-group\"><div class=\"wp-block-group__inner-container is-layout-constrained wp-block-group-is-layout-constrained\">\n<hr class=\"wp-block-separator has-alpha-channel-opacity\"\/>\n<\/div><\/div>\n\n\n\n<h2 class=\"wp-block-heading has-text-color has-link-color wp-elements-55afcfe9521d4a99a240b01082c8af3d\" style=\"color:#203263\"><strong>Annual Rates<\/strong><\/h2>\n\n\n\n<ul class=\"wp-block-list\">\n<li>Sports Insurance:&nbsp;<strong>3,85\u20ac<\/strong>&nbsp;<em>(paid in September)<\/em><\/li>\n\n\n\n<li>Federation card:&nbsp;<strong>2,00\u20ac&nbsp;<\/strong><em>(<\/em>paid upon initial registration and whenever there is a change in age group \u2013 October<em>)<\/em><\/li>\n\n\n\n<li>Registration with the Portuguese Rowing Federation (<em>paid in September (per season)<\/em>:\n<ul class=\"wp-block-list\">\n<li>Up to Under-15s:<strong> 5,00\u20ac<\/strong><\/li>\n\n\n\n<li>Under-17s and above:<strong> 15,00\u20ac<\/strong><\/li>\n\n\n\n<li>Para-Rowing:&nbsp;<strong>Exempt<\/strong><\/li>\n<\/ul>\n<\/li>\n<\/ul>\n\n\n\n<div style=\"height:30px\" aria-hidden=\"true\" class=\"wp-block-spacer\"><\/div>\n\n\n\n<div style=\"height:30px\" aria-hidden=\"true\" class=\"wp-block-spacer\"><\/div>\n\n\n\n<h2 class=\"wp-block-heading has-text-color has-link-color wp-elements-69bca8ad2dbb07222e4f49cf755b853b\" style=\"color:#203263\">Payment methods<\/h2>\n\n\n\n<p>Payment can be made:<\/p>\n\n\n\n<ul class=\"wp-block-list\">\n<li>in person, at the <strong>club secretary's office<\/strong> (the upper floor of the boat house during public opening hours), or<\/li>\n\n\n\n<li class=\"translation-block\">by <strong>bank transfer<\/strong> for the bank\u2019s IBAN (EuroBIC Bank) <strong>PT50 0079 0000 7023 0027 1012 1<\/strong><\/li>\n<\/ul>\n\n\n\n<p>In the case of a bank transfer, please send the <strong>proof of payment<\/strong> to: <strong><a>secretaria@cninfante.pt<\/a><\/strong>, indicating <strong>full name and membership number<\/strong>.<\/p>\n\n\n\n<div style=\"height:30px\" aria-hidden=\"true\" class=\"wp-block-spacer\"><\/div>\n\n\n\n<section id=\"wp-block-themeisle-blocks-advanced-columns-cb87630d\" class=\"wp-block-themeisle-blocks-advanced-columns alignfull has-1-columns has-desktop-equal-layout has-tablet-equal-layout has-mobile-equal-layout has-vertical-center has-dark-bg\"><div class=\"wp-block-themeisle-blocks-advanced-columns-overlay\"><\/div><div class=\"innerblocks-wrap\">\n<div id=\"wp-block-themeisle-blocks-advanced-column-a521c34e\" class=\"wp-block-themeisle-blocks-advanced-column\">\n<h2 id=\"wp-block-themeisle-blocks-advanced-heading-856de402\" class=\"wp-block-themeisle-blocks-advanced-heading wp-block-themeisle-blocks-advanced-heading-856de402\"><strong>Would you like to try it before you decide?<\/strong><\/h2>\n\n\n\n<h3 id=\"wp-block-themeisle-blocks-advanced-heading-619685a8\" class=\"wp-block-themeisle-blocks-advanced-heading wp-block-themeisle-blocks-advanced-heading-619685a8\">Book a trial session and come and meet the club, the coaches and see what it\u2019s like.<\/h3>\n\n\n\n<div class=\"wp-block-buttons is-content-justification-center is-layout-flex wp-container-core-buttons-is-layout-a89b3969 wp-block-buttons-is-layout-flex\">\n<div class=\"wp-block-button is-style-primary\"><a class=\"wp-block-button__link has-text-color has-background has-link-color wp-element-button\" href=\"tel:00351925045278\" style=\"color:#080808;background-color:#f0a733\">Book a trial lesson (call the Club)<\/a><\/div>\n<\/div>\n<\/div>\n<\/div><\/section>\n\n\n\n<div style=\"height:42px\" aria-hidden=\"true\" class=\"wp-block-spacer\"><\/div>\n\n\n\n<p><\/p>","protected":false},"excerpt":{"rendered":"<p>Pre\u00e7\u00e1rio \u2013 Ano civil de 2026 (valores em vigor a partir de 1 de janeiro de 2025) Quotas Mensais Relativamente aos atletas de remo, dever\u00e3o ser pagos os valores de quota de s\u00f3cio e quota de atleta mensalmente. Quota de s\u00f3cio Quota de Atleta Valores Anuais Formas de pagamento O [&hellip;]<\/p>\n","protected":false},"author":1,"featured_media":210,"parent":0,"menu_order":0,"comment_status":"closed","ping_status":"closed","template":"","meta":{"_themeisle_gutenberg_block_has_review":false,"footnotes":""},"class_list":["post-141","page","type-page","status-publish","has-post-thumbnail","hentry"],"_links":{"self":[{"href":"https:\/\/www.cninfante.pt\/en\/wp-json\/wp\/v2\/pages\/141","targetHints":{"allow":["GET"]}}],"collection":[{"href":"https:\/\/www.cninfante.pt\/en\/wp-json\/wp\/v2\/pages"}],"about":[{"href":"https:\/\/www.cninfante.pt\/en\/wp-json\/wp\/v2\/types\/page"}],"author":[{"embeddable":true,"href":"https:\/\/www.cninfante.pt\/en\/wp-json\/wp\/v2\/users\/1"}],"replies":[{"embeddable":true,"href":"https:\/\/www.cninfante.pt\/en\/wp-json\/wp\/v2\/comments?post=141"}],"version-history":[{"count":5,"href":"https:\/\/www.cninfante.pt\/en\/wp-json\/wp\/v2\/pages\/141\/revisions"}],"predecessor-version":[{"id":7565,"href":"https:\/\/www.cninfante.pt\/en\/wp-json\/wp\/v2\/pages\/141\/revisions\/7565"}],"wp:featuredmedia":[{"embeddable":true,"href":"https:\/\/www.cninfante.pt\/en\/wp-json\/wp\/v2\/media\/210"}],"wp:attachment":[{"href":"https:\/\/www.cninfante.pt\/en\/wp-json\/wp\/v2\/media?parent=141"}],"curies":[{"name":"wp","href":"https:\/\/api.w.org\/{rel}","templated":true}]}}