{"id":143,"date":"2025-12-08T22:26:42","date_gmt":"2025-12-08T22:26:42","guid":{"rendered":"https:\/\/testesjps.pt\/?page_id=143"},"modified":"2026-04-24T10:01:52","modified_gmt":"2026-04-24T10:01:52","slug":"parceiros","status":"publish","type":"page","link":"https:\/\/www.cninfante.pt\/en\/parceiros\/","title":{"rendered":"Our partners"},"content":{"rendered":"<p>The Clube Naval Infante D. Henrique carries out its activities with the support and collaboration of organisations that share a commitment to sport, training, inclusion and community development. These institutional partnerships and specific forms of support are essential for strengthening the Club\u2019s capacity for action, supporting its athletes and promoting projects with a sporting and social impact.<\/p>\n\n\n\n<h2 class=\"wp-block-heading has-text-color has-link-color wp-elements-9f9cf42d84053e4fe4e3827856c972d2\" style=\"color:#203263\">Institutional Partners<\/h2>\n\n\n\n<figure class=\"wp-block-gallery has-nested-images columns-5 is-cropped wp-block-gallery-1 is-layout-flex wp-block-gallery-is-layout-flex\">\n<figure class=\"wp-block-image size-large\"><a href=\"https:\/\/www.cm-gondomar.pt\/\"><img loading=\"lazy\" decoding=\"async\" width=\"700\" height=\"500\" data-id=\"6366\" src=\"http:\/\/cninfante.pt\/wp-content\/uploads\/2026\/04\/CMG.png\" alt=\"\" class=\"wp-image-6366\" srcset=\"https:\/\/www.cninfante.pt\/wp-content\/uploads\/2026\/04\/CMG.png 700w, https:\/\/www.cninfante.pt\/wp-content\/uploads\/2026\/04\/CMG-600x429.png 600w, https:\/\/www.cninfante.pt\/wp-content\/uploads\/2026\/04\/CMG-300x214.png 300w\" sizes=\"auto, (max-width: 700px) 100vw, 700px\" \/><\/a><\/figure>\n\n\n\n<figure class=\"wp-block-image size-large\"><a href=\"https:\/\/fpremo.pt\/\"><img loading=\"lazy\" decoding=\"async\" width=\"700\" height=\"500\" data-id=\"6367\" src=\"http:\/\/cninfante.pt\/wp-content\/uploads\/2026\/04\/FPR.png\" alt=\"\" class=\"wp-image-6367\" srcset=\"https:\/\/www.cninfante.pt\/wp-content\/uploads\/2026\/04\/FPR.png 700w, https:\/\/www.cninfante.pt\/wp-content\/uploads\/2026\/04\/FPR-600x429.png 600w, https:\/\/www.cninfante.pt\/wp-content\/uploads\/2026\/04\/FPR-300x214.png 300w\" sizes=\"auto, (max-width: 700px) 100vw, 700px\" \/><\/a><\/figure>\n\n\n\n<figure class=\"wp-block-image size-large\"><a href=\"https:\/\/www.facebook.com\/assremonorte\/\"><img loading=\"lazy\" decoding=\"async\" width=\"700\" height=\"500\" data-id=\"6365\" src=\"http:\/\/cninfante.pt\/wp-content\/uploads\/2026\/04\/ARN.png\" alt=\"\" class=\"wp-image-6365\" srcset=\"https:\/\/www.cninfante.pt\/wp-content\/uploads\/2026\/04\/ARN.png 700w, https:\/\/www.cninfante.pt\/wp-content\/uploads\/2026\/04\/ARN-600x429.png 600w, https:\/\/www.cninfante.pt\/wp-content\/uploads\/2026\/04\/ARN-300x214.png 300w\" sizes=\"auto, (max-width: 700px) 100vw, 700px\" \/><\/a><\/figure>\n\n\n\n<figure class=\"wp-block-image size-large\"><a href=\"https:\/\/uf-gvj.pt\/\"><img loading=\"lazy\" decoding=\"async\" width=\"700\" height=\"500\" data-id=\"6369\" src=\"http:\/\/cninfante.pt\/wp-content\/uploads\/2026\/04\/JF-S.Cosme-Valbom-Jovim.png\" alt=\"\" class=\"wp-image-6369\" srcset=\"https:\/\/www.cninfante.pt\/wp-content\/uploads\/2026\/04\/JF-S.Cosme-Valbom-Jovim.png 700w, https:\/\/www.cninfante.pt\/wp-content\/uploads\/2026\/04\/JF-S.Cosme-Valbom-Jovim-600x429.png 600w, https:\/\/www.cninfante.pt\/wp-content\/uploads\/2026\/04\/JF-S.Cosme-Valbom-Jovim-300x214.png 300w\" sizes=\"auto, (max-width: 700px) 100vw, 700px\" \/><\/a><\/figure>\n<\/figure>\n\n\n<div class=\"wp-block-image\">\n<figure class=\"aligncenter size-full is-resized\"><img loading=\"lazy\" decoding=\"async\" width=\"790\" height=\"758\" src=\"http:\/\/cninfante.pt\/wp-content\/uploads\/2026\/04\/Logo-Estacao-Nautica-de-Gondomar-1.png\" alt=\"\" class=\"wp-image-6401\" style=\"width:119px;height:auto\" srcset=\"https:\/\/www.cninfante.pt\/wp-content\/uploads\/2026\/04\/Logo-Estacao-Nautica-de-Gondomar-1.png 790w, https:\/\/www.cninfante.pt\/wp-content\/uploads\/2026\/04\/Logo-Estacao-Nautica-de-Gondomar-1-300x288.png 300w, https:\/\/www.cninfante.pt\/wp-content\/uploads\/2026\/04\/Logo-Estacao-Nautica-de-Gondomar-1-768x737.png 768w, https:\/\/www.cninfante.pt\/wp-content\/uploads\/2026\/04\/Logo-Estacao-Nautica-de-Gondomar-1-13x12.png 13w, https:\/\/www.cninfante.pt\/wp-content\/uploads\/2026\/04\/Logo-Estacao-Nautica-de-Gondomar-1-600x576.png 600w\" sizes=\"auto, (max-width: 790px) 100vw, 790px\" \/><\/figure>\n<\/div>\n\n\n<div style=\"height:16px\" aria-hidden=\"true\" class=\"wp-block-spacer\"><\/div>\n\n\n\n<h2 class=\"wp-block-heading has-text-color has-link-color wp-elements-90b57c2711d749b111eb90958f48d309\" style=\"color:#203263\">Co-funded projects<\/h2>\n\n\n\n<h4 class=\"wp-block-heading\">INFANTE is supported by the \"Programa Avan\u00e7ar\"<\/h4>\n\n\n<div class=\"wp-block-image\">\n<figure class=\"aligncenter size-large is-resized\"><img loading=\"lazy\" decoding=\"async\" width=\"1024\" height=\"113\" src=\"http:\/\/cninfante.pt\/wp-content\/uploads\/2026\/04\/Programa_Avancar_barra_financiamento-1024x113.jpg\" alt=\"\" class=\"wp-image-6307\" style=\"aspect-ratio:9.062710721510452;width:688px;height:auto\" srcset=\"https:\/\/www.cninfante.pt\/wp-content\/uploads\/2026\/04\/Programa_Avancar_barra_financiamento-1024x113.jpg 1024w, https:\/\/www.cninfante.pt\/wp-content\/uploads\/2026\/04\/Programa_Avancar_barra_financiamento-scaled-600x66.jpg 600w, https:\/\/www.cninfante.pt\/wp-content\/uploads\/2026\/04\/Programa_Avancar_barra_financiamento-300x33.jpg 300w, https:\/\/www.cninfante.pt\/wp-content\/uploads\/2026\/04\/Programa_Avancar_barra_financiamento-768x85.jpg 768w, https:\/\/www.cninfante.pt\/wp-content\/uploads\/2026\/04\/Programa_Avancar_barra_financiamento-1536x170.jpg 1536w, https:\/\/www.cninfante.pt\/wp-content\/uploads\/2026\/04\/Programa_Avancar_barra_financiamento-2048x226.jpg 2048w\" sizes=\"auto, (max-width: 1024px) 100vw, 1024px\" \/><\/figure>\n<\/div>\n\n\n<div style=\"height:50px\" aria-hidden=\"true\" class=\"wp-block-spacer\"><\/div>","protected":false},"excerpt":{"rendered":"<p>O Clube Naval Infante D. Henrique desenvolve a sua atividade com o apoio e a colabora\u00e7\u00e3o de entidades que partilham o compromisso com o desporto, a forma\u00e7\u00e3o, a inclus\u00e3o e o desenvolvimento da comunidade. Estas parcerias institucionais e apoios espec\u00edficos s\u00e3o fundamentais para refor\u00e7ar a capacidade de a\u00e7\u00e3o do Clube, [&hellip;]<\/p>\n","protected":false},"author":1,"featured_media":6202,"parent":0,"menu_order":0,"comment_status":"closed","ping_status":"closed","template":"","meta":{"_themeisle_gutenberg_block_has_review":false,"footnotes":""},"class_list":["post-143","page","type-page","status-publish","has-post-thumbnail","hentry"],"_links":{"self":[{"href":"https:\/\/www.cninfante.pt\/en\/wp-json\/wp\/v2\/pages\/143","targetHints":{"allow":["GET"]}}],"collection":[{"href":"https:\/\/www.cninfante.pt\/en\/wp-json\/wp\/v2\/pages"}],"about":[{"href":"https:\/\/www.cninfante.pt\/en\/wp-json\/wp\/v2\/types\/page"}],"author":[{"embeddable":true,"href":"https:\/\/www.cninfante.pt\/en\/wp-json\/wp\/v2\/users\/1"}],"replies":[{"embeddable":true,"href":"https:\/\/www.cninfante.pt\/en\/wp-json\/wp\/v2\/comments?post=143"}],"version-history":[{"count":10,"href":"https:\/\/www.cninfante.pt\/en\/wp-json\/wp\/v2\/pages\/143\/revisions"}],"predecessor-version":[{"id":6403,"href":"https:\/\/www.cninfante.pt\/en\/wp-json\/wp\/v2\/pages\/143\/revisions\/6403"}],"wp:featuredmedia":[{"embeddable":true,"href":"https:\/\/www.cninfante.pt\/en\/wp-json\/wp\/v2\/media\/6202"}],"wp:attachment":[{"href":"https:\/\/www.cninfante.pt\/en\/wp-json\/wp\/v2\/media?parent=143"}],"curies":[{"name":"wp","href":"https:\/\/api.w.org\/{rel}","templated":true}]}}