{"id":151,"date":"2025-12-08T22:28:45","date_gmt":"2025-12-08T22:28:45","guid":{"rendered":"https:\/\/testesjps.pt\/?page_id=151"},"modified":"2026-05-13T16:09:52","modified_gmt":"2026-05-13T16:09:52","slug":"infraestrutura-de-treino","status":"publish","type":"page","link":"https:\/\/www.cninfante.pt\/en\/infraestrutura-de-treino\/","title":{"rendered":"Coaching team and training conditions"},"content":{"rendered":"<p class=\"translation-block\">Infante offers unique training conditions, resulting from the combination of complete infrastructure, an excellent water stretch and an experienced, highly committed coaching team.<\/p>\n\n\n\n<p class=\"translation-block\">This combination has allowed the club to establish itself as a National Rowing Champion, with athletes winning medals in national and international competitions, reflecting the consistency and quality of the work carried out.<\/p>\n\n\n\n<h2 class=\"wp-block-heading has-text-color has-link-color wp-elements-c3a441ca0500f1784d79c697d144c120\" style=\"color:#203263\">Coaching team and support<\/h2>\n\n\n\n<p class=\"translation-block\">Infante\u2019s coaching team is one of the central pillars of the sports project. Daily work is based on a close relationship with the athletes, combining high standards, technical rigour and continuous support. The focus is both on sporting progression and on physical and mental well-being, ensuring sustainable pathways adapted to each stage of development.<\/p>\n\n\n\n<figure class=\"wp-block-gallery aligncenter has-nested-images columns-4 is-cropped wp-block-gallery-1 is-layout-flex wp-block-gallery-is-layout-flex\">\n<figure class=\"wp-block-image size-large\"><img loading=\"lazy\" decoding=\"async\" width=\"683\" height=\"1024\" data-id=\"7532\" src=\"https:\/\/www.cninfante.pt\/wp-content\/uploads\/2026\/05\/014_DSCF6851-683x1024.jpg\" alt=\"\" class=\"wp-image-7532\" style=\"aspect-ratio:3\/4\" srcset=\"https:\/\/www.cninfante.pt\/wp-content\/uploads\/2026\/05\/014_DSCF6851-683x1024.jpg 683w, https:\/\/www.cninfante.pt\/wp-content\/uploads\/2026\/05\/014_DSCF6851-200x300.jpg 200w, https:\/\/www.cninfante.pt\/wp-content\/uploads\/2026\/05\/014_DSCF6851-768x1152.jpg 768w, https:\/\/www.cninfante.pt\/wp-content\/uploads\/2026\/05\/014_DSCF6851-1024x1536.jpg 1024w, https:\/\/www.cninfante.pt\/wp-content\/uploads\/2026\/05\/014_DSCF6851-1365x2048.jpg 1365w, https:\/\/www.cninfante.pt\/wp-content\/uploads\/2026\/05\/014_DSCF6851-8x12.jpg 8w, https:\/\/www.cninfante.pt\/wp-content\/uploads\/2026\/05\/014_DSCF6851-scaled.jpg 1706w\" sizes=\"auto, (max-width: 683px) 100vw, 683px\" \/><figcaption class=\"wp-element-caption translation-block\">Adriano Neves<br>Coach<\/figcaption><\/figure>\n\n\n\n<figure class=\"wp-block-image size-large\"><img loading=\"lazy\" decoding=\"async\" width=\"677\" height=\"1024\" data-id=\"7533\" src=\"https:\/\/www.cninfante.pt\/wp-content\/uploads\/2026\/05\/DSCF0747-scaled-e1778686725451-677x1024.jpg\" alt=\"\" class=\"wp-image-7533\" style=\"aspect-ratio:3\/4\" srcset=\"https:\/\/www.cninfante.pt\/wp-content\/uploads\/2026\/05\/DSCF0747-scaled-e1778686725451-677x1024.jpg 677w, https:\/\/www.cninfante.pt\/wp-content\/uploads\/2026\/05\/DSCF0747-scaled-e1778686725451-198x300.jpg 198w, https:\/\/www.cninfante.pt\/wp-content\/uploads\/2026\/05\/DSCF0747-scaled-e1778686725451-768x1161.jpg 768w, https:\/\/www.cninfante.pt\/wp-content\/uploads\/2026\/05\/DSCF0747-scaled-e1778686725451-8x12.jpg 8w, https:\/\/www.cninfante.pt\/wp-content\/uploads\/2026\/05\/DSCF0747-scaled-e1778686725451.jpg 926w\" sizes=\"auto, (max-width: 677px) 100vw, 677px\" \/><figcaption class=\"wp-element-caption\">Jorge Pereira<br>Coach<\/figcaption><\/figure>\n\n\n\n<figure class=\"wp-block-image size-large\"><img loading=\"lazy\" decoding=\"async\" width=\"812\" height=\"1024\" data-id=\"7534\" src=\"https:\/\/www.cninfante.pt\/wp-content\/uploads\/2026\/05\/DSCF0601-scaled-e1778686824127-812x1024.jpg\" alt=\"\" class=\"wp-image-7534\" style=\"aspect-ratio:3\/4\" srcset=\"https:\/\/www.cninfante.pt\/wp-content\/uploads\/2026\/05\/DSCF0601-scaled-e1778686824127-812x1024.jpg 812w, https:\/\/www.cninfante.pt\/wp-content\/uploads\/2026\/05\/DSCF0601-scaled-e1778686824127-238x300.jpg 238w, https:\/\/www.cninfante.pt\/wp-content\/uploads\/2026\/05\/DSCF0601-scaled-e1778686824127-768x969.jpg 768w, https:\/\/www.cninfante.pt\/wp-content\/uploads\/2026\/05\/DSCF0601-scaled-e1778686824127-10x12.jpg 10w, https:\/\/www.cninfante.pt\/wp-content\/uploads\/2026\/05\/DSCF0601-scaled-e1778686824127.jpg 1054w\" sizes=\"auto, (max-width: 812px) 100vw, 812px\" \/><figcaption class=\"wp-element-caption\">Ant\u00f3nio Ramalho<br>Coach<\/figcaption><\/figure>\n\n\n\n<figure class=\"wp-block-image size-large\"><img loading=\"lazy\" decoding=\"async\" width=\"671\" height=\"1024\" data-id=\"7535\" src=\"https:\/\/www.cninfante.pt\/wp-content\/uploads\/2026\/05\/001_DSCF3852-scaled-e1778686880723-671x1024.jpg\" alt=\"\" class=\"wp-image-7535\" style=\"aspect-ratio:3\/4\" srcset=\"https:\/\/www.cninfante.pt\/wp-content\/uploads\/2026\/05\/001_DSCF3852-scaled-e1778686880723-671x1024.jpg 671w, https:\/\/www.cninfante.pt\/wp-content\/uploads\/2026\/05\/001_DSCF3852-scaled-e1778686880723-196x300.jpg 196w, https:\/\/www.cninfante.pt\/wp-content\/uploads\/2026\/05\/001_DSCF3852-scaled-e1778686880723-768x1173.jpg 768w, https:\/\/www.cninfante.pt\/wp-content\/uploads\/2026\/05\/001_DSCF3852-scaled-e1778686880723-8x12.jpg 8w, https:\/\/www.cninfante.pt\/wp-content\/uploads\/2026\/05\/001_DSCF3852-scaled-e1778686880723.jpg 930w\" sizes=\"auto, (max-width: 671px) 100vw, 671px\" \/><figcaption class=\"wp-element-caption\">Pedro Coelho<br>Coach<\/figcaption><\/figure>\n\n\n\n<figure class=\"wp-block-image size-large\"><img loading=\"lazy\" decoding=\"async\" width=\"726\" height=\"1024\" data-id=\"7536\" src=\"https:\/\/www.cninfante.pt\/wp-content\/uploads\/2026\/05\/002_DSCF8705-scaled-e1778686937583-726x1024.jpg\" alt=\"\" class=\"wp-image-7536\" style=\"aspect-ratio:3\/4\" srcset=\"https:\/\/www.cninfante.pt\/wp-content\/uploads\/2026\/05\/002_DSCF8705-scaled-e1778686937583-726x1024.jpg 726w, https:\/\/www.cninfante.pt\/wp-content\/uploads\/2026\/05\/002_DSCF8705-scaled-e1778686937583-213x300.jpg 213w, https:\/\/www.cninfante.pt\/wp-content\/uploads\/2026\/05\/002_DSCF8705-scaled-e1778686937583-768x1083.jpg 768w, https:\/\/www.cninfante.pt\/wp-content\/uploads\/2026\/05\/002_DSCF8705-scaled-e1778686937583-1089x1536.jpg 1089w, https:\/\/www.cninfante.pt\/wp-content\/uploads\/2026\/05\/002_DSCF8705-scaled-e1778686937583-9x12.jpg 9w, https:\/\/www.cninfante.pt\/wp-content\/uploads\/2026\/05\/002_DSCF8705-scaled-e1778686937583.jpg 1216w\" sizes=\"auto, (max-width: 726px) 100vw, 726px\" \/><figcaption class=\"wp-element-caption\">Nuno Paiva<br>Sports support technician<\/figcaption><\/figure>\n\n\n\n<figure class=\"wp-block-image size-large\"><img loading=\"lazy\" decoding=\"async\" width=\"736\" height=\"1024\" data-id=\"7537\" src=\"https:\/\/www.cninfante.pt\/wp-content\/uploads\/2026\/05\/DSCF3211-scaled-e1778687195239-736x1024.jpg\" alt=\"\" class=\"wp-image-7537\" style=\"aspect-ratio:3\/4\" srcset=\"https:\/\/www.cninfante.pt\/wp-content\/uploads\/2026\/05\/DSCF3211-scaled-e1778687195239-736x1024.jpg 736w, https:\/\/www.cninfante.pt\/wp-content\/uploads\/2026\/05\/DSCF3211-scaled-e1778687195239-216x300.jpg 216w, https:\/\/www.cninfante.pt\/wp-content\/uploads\/2026\/05\/DSCF3211-scaled-e1778687195239-768x1068.jpg 768w, https:\/\/www.cninfante.pt\/wp-content\/uploads\/2026\/05\/DSCF3211-scaled-e1778687195239-9x12.jpg 9w, https:\/\/www.cninfante.pt\/wp-content\/uploads\/2026\/05\/DSCF3211-scaled-e1778687195239.jpg 960w\" sizes=\"auto, (max-width: 736px) 100vw, 736px\" \/><figcaption class=\"wp-element-caption\">Lu\u00eds Pacheco<br>Sports support technician<\/figcaption><\/figure>\n\n\n\n<figure class=\"wp-block-image size-large\"><img loading=\"lazy\" decoding=\"async\" width=\"654\" height=\"1024\" data-id=\"7538\" src=\"https:\/\/www.cninfante.pt\/wp-content\/uploads\/2026\/05\/DSCF1090-Enhanced-NR-scaled-e1778687045529-654x1024.jpg\" alt=\"\" class=\"wp-image-7538\" style=\"aspect-ratio:3\/4\" srcset=\"https:\/\/www.cninfante.pt\/wp-content\/uploads\/2026\/05\/DSCF1090-Enhanced-NR-scaled-e1778687045529-654x1024.jpg 654w, https:\/\/www.cninfante.pt\/wp-content\/uploads\/2026\/05\/DSCF1090-Enhanced-NR-scaled-e1778687045529-192x300.jpg 192w, https:\/\/www.cninfante.pt\/wp-content\/uploads\/2026\/05\/DSCF1090-Enhanced-NR-scaled-e1778687045529-768x1202.jpg 768w, https:\/\/www.cninfante.pt\/wp-content\/uploads\/2026\/05\/DSCF1090-Enhanced-NR-scaled-e1778687045529-8x12.jpg 8w, https:\/\/www.cninfante.pt\/wp-content\/uploads\/2026\/05\/DSCF1090-Enhanced-NR-scaled-e1778687045529.jpg 777w\" sizes=\"auto, (max-width: 654px) 100vw, 654px\" \/><figcaption class=\"wp-element-caption\">Joaquim<br>Maintenance technician<\/figcaption><\/figure>\n\n\n\n<figure class=\"wp-block-image size-large\"><img loading=\"lazy\" decoding=\"async\" width=\"761\" height=\"1024\" data-id=\"7539\" src=\"https:\/\/www.cninfante.pt\/wp-content\/uploads\/2026\/05\/003_DSCF3874-scaled-e1778687114114-761x1024.jpg\" alt=\"\" class=\"wp-image-7539\" style=\"aspect-ratio:3\/4\" srcset=\"https:\/\/www.cninfante.pt\/wp-content\/uploads\/2026\/05\/003_DSCF3874-scaled-e1778687114114-761x1024.jpg 761w, https:\/\/www.cninfante.pt\/wp-content\/uploads\/2026\/05\/003_DSCF3874-scaled-e1778687114114-223x300.jpg 223w, https:\/\/www.cninfante.pt\/wp-content\/uploads\/2026\/05\/003_DSCF3874-scaled-e1778687114114-768x1033.jpg 768w, https:\/\/www.cninfante.pt\/wp-content\/uploads\/2026\/05\/003_DSCF3874-scaled-e1778687114114-9x12.jpg 9w, https:\/\/www.cninfante.pt\/wp-content\/uploads\/2026\/05\/003_DSCF3874-scaled-e1778687114114.jpg 1033w\" sizes=\"auto, (max-width: 761px) 100vw, 761px\" \/><figcaption class=\"wp-element-caption\">Daniela Coelho<br>Administrative Assistant<\/figcaption><\/figure>\n<figcaption class=\"blocks-gallery-caption wp-element-caption\">Infante coaching team<\/figcaption><\/figure>\n\n\n\n<p>Training is planned with clear objectives, adjusted to the age, experience and ambition of each athlete, promoting solid and responsible progression over time.<\/p>\n\n\n\n<h2 class=\"wp-block-heading has-text-color has-link-color wp-elements-e5246205eb968bc552ef0c76cb3cbc23\" style=\"color:#203263\">Training model<\/h2>\n\n\n\n<p class=\"translation-block\">Infante\u2019s training model is based on international best practices. It is structured and coherent, integrating the different components of the sport in a balanced way. The organisation of the season into phases makes it possible to consolidate technical foundations, develop physical condition and prepare for competition progressively, without excessive overload.<\/p>\n\n\n\n<p class=\"translation-block\">In the younger age groups, priority is given to learning, coordination and overall development. As athletes progress, training becomes more specific and demanding, while always maintaining a sustainable, long-term approach.<\/p>\n\n\n\n<h2 class=\"wp-block-heading has-text-color has-link-color wp-elements-4117c9a417246b65448a5f1c354c7989\" style=\"color:#203263\">Integrated infrastructure<\/h2>\n\n\n\n<p class=\"translation-block\">Training conditions are supported by complete and functional infrastructure, designed to meet different levels of practice. The club has a nautical centre with direct access to the water, a boat hangar and repair workshop, ergometer rooms, a rowing tank and a gym, allowing efficient use of training time and careful maintenance of equipment. Information on the Club\u2019s overall infrastructure: : <a href=\"https:\/\/www.cninfante.pt\/en\/instalacoes\/\" data-type=\"page\" data-id=\"125\" target=\"_self\">Facilities<\/a>)<\/p>\n\n\n\n<p class=\"translation-block\">Water training takes place on the River Douro, in the Gramido area, a water stretch recognised for its stability and suitability for regular rowing practice. The characteristics of the location allow consistent sessions throughout the year, both for development and competition, naturally complementing the land-based infrastructure.<\/p>\n\n\n\n<p class=\"translation-block\">This integration facilitates the transition between technical, physical and on-water training, creating a continuous and organised working environment.<\/p>\n\n\n\n<figure class=\"wp-block-gallery has-nested-images columns-default is-cropped wp-block-gallery-2 is-layout-flex wp-block-gallery-is-layout-flex\">\n<figure class=\"wp-block-image size-large\"><img decoding=\"async\" data-id=\"212\" src=\"http:\/\/www.cninfante.pt\/wp-content\/uploads\/2025\/12\/494645793_1234166372047645_2542158666978674249_n-1024x683.jpg\" alt=\"\" class=\"wp-image-212\"\/><figcaption class=\"wp-element-caption\">Access to the River Douro<\/figcaption><\/figure>\n\n\n\n<figure class=\"wp-block-image size-large\"><img loading=\"lazy\" decoding=\"async\" width=\"1024\" height=\"768\" data-id=\"130\" src=\"http:\/\/www.cninfante.pt\/wp-content\/uploads\/2025\/12\/posto_nautico_21-1.jpg\" alt=\"\" class=\"wp-image-130\" srcset=\"https:\/\/www.cninfante.pt\/wp-content\/uploads\/2025\/12\/posto_nautico_21-1.jpg 1024w, https:\/\/www.cninfante.pt\/wp-content\/uploads\/2025\/12\/posto_nautico_21-1-600x450.jpg 600w, https:\/\/www.cninfante.pt\/wp-content\/uploads\/2025\/12\/posto_nautico_21-1-300x225.jpg 300w, https:\/\/www.cninfante.pt\/wp-content\/uploads\/2025\/12\/posto_nautico_21-1-768x576.jpg 768w\" sizes=\"auto, (max-width: 1024px) 100vw, 1024px\" \/><figcaption class=\"wp-element-caption\">Ergometer room<\/figcaption><\/figure>\n\n\n\n<figure class=\"wp-block-image size-large\"><img decoding=\"async\" data-id=\"386\" src=\"http:\/\/www.cninfante.pt\/wp-content\/uploads\/2025\/12\/CE7-1-scaled-1-1024x768.jpg\" alt=\"\" class=\"wp-image-386\"\/><figcaption class=\"wp-element-caption\">Rowing tanks<\/figcaption><\/figure>\n<\/figure>\n\n\n\n<h2 class=\"wp-block-heading has-text-color has-link-color wp-elements-60a1b619c82536b34bbca4b0827c4268\" style=\"color:#203263\">Results sustained by work<\/h2>\n\n\n\n<p>The results achieved by Infante \u2014 national titles and regular podium finishes in national and international competitions \u2014 are a direct consequence of these training conditions, the commitment of the coaching team and the dedication of the athletes. More than isolated successes, they reflect a solid project, built with rigour, continuity and ambition.<\/p>\n\n\n\n<h2 class=\"wp-block-heading has-text-color has-link-color wp-elements-8545e2cf715282b0a507ed1400838018\" style=\"color:#203263\">An environment of high standards and balance<\/h2>\n\n\n\n<p class=\"translation-block\">At Infante, training conditions also translate into a culture of positive ambition, responsibility and team spirit. The Club promotes an environment where it is possible to train with intensity, progress consistently and maintain a balance between performance, health and well-being.<\/p>\n\n\n\n<div style=\"height:10px\" aria-hidden=\"true\" class=\"wp-block-spacer\"><\/div>\n\n\n\n<section id=\"wp-block-themeisle-blocks-advanced-columns-cb87630d\" class=\"wp-block-themeisle-blocks-advanced-columns alignfull has-1-columns has-desktop-equal-layout has-tablet-equal-layout has-mobile-equal-layout has-vertical-center has-dark-bg\"><div class=\"wp-block-themeisle-blocks-advanced-columns-overlay\"><\/div><div class=\"innerblocks-wrap\">\n<div id=\"wp-block-themeisle-blocks-advanced-column-a521c34e\" class=\"wp-block-themeisle-blocks-advanced-column\">\n<h2 id=\"wp-block-themeisle-blocks-advanced-heading-856de402\" class=\"wp-block-themeisle-blocks-advanced-heading wp-block-themeisle-blocks-advanced-heading-856de402\"><strong>Would you like to try rowing at Infante?<\/strong><\/h2>\n\n\n\n<div class=\"wp-block-buttons is-content-justification-center is-layout-flex wp-container-core-buttons-is-layout-a89b3969 wp-block-buttons-is-layout-flex\">\n<div class=\"wp-block-button is-style-primary\"><a class=\"wp-block-button__link has-text-color has-background has-link-color wp-element-button\" href=\"https:\/\/www.cninfante.pt\/en\/quero-comecar\/\" style=\"color:#080808;background-color:#f0a733\">Know more<\/a><\/div>\n<\/div>\n<\/div>\n<\/div><\/section>\n\n\n\n<div style=\"height:10px\" aria-hidden=\"true\" class=\"wp-block-spacer\"><\/div>\n\n\n\n<p><\/p>","protected":false},"excerpt":{"rendered":"<p>O Infante oferece condi\u00e7\u00f5es de treino \u00fanicas, que resultam da combina\u00e7\u00e3o entre uma infraestrutura completa, um plano de \u00e1gua de excel\u00eancia e uma equipa t\u00e9cnica de treinadores experiente e altamente empenhada. Este conjunto tem permitido ao clube afirmar-se como Campe\u00e3o Nacional de Remo, com atletas medalhados em competi\u00e7\u00f5es nacionais e [&hellip;]<\/p>\n","protected":false},"author":1,"featured_media":368,"parent":0,"menu_order":0,"comment_status":"closed","ping_status":"closed","template":"","meta":{"_themeisle_gutenberg_block_has_review":false,"footnotes":""},"class_list":["post-151","page","type-page","status-publish","has-post-thumbnail","hentry"],"_links":{"self":[{"href":"https:\/\/www.cninfante.pt\/en\/wp-json\/wp\/v2\/pages\/151","targetHints":{"allow":["GET"]}}],"collection":[{"href":"https:\/\/www.cninfante.pt\/en\/wp-json\/wp\/v2\/pages"}],"about":[{"href":"https:\/\/www.cninfante.pt\/en\/wp-json\/wp\/v2\/types\/page"}],"author":[{"embeddable":true,"href":"https:\/\/www.cninfante.pt\/en\/wp-json\/wp\/v2\/users\/1"}],"replies":[{"embeddable":true,"href":"https:\/\/www.cninfante.pt\/en\/wp-json\/wp\/v2\/comments?post=151"}],"version-history":[{"count":6,"href":"https:\/\/www.cninfante.pt\/en\/wp-json\/wp\/v2\/pages\/151\/revisions"}],"predecessor-version":[{"id":7566,"href":"https:\/\/www.cninfante.pt\/en\/wp-json\/wp\/v2\/pages\/151\/revisions\/7566"}],"wp:featuredmedia":[{"embeddable":true,"href":"https:\/\/www.cninfante.pt\/en\/wp-json\/wp\/v2\/media\/368"}],"wp:attachment":[{"href":"https:\/\/www.cninfante.pt\/en\/wp-json\/wp\/v2\/media?parent=151"}],"curies":[{"name":"wp","href":"https:\/\/api.w.org\/{rel}","templated":true}]}}