{"id":155,"date":"2025-12-08T22:31:13","date_gmt":"2025-12-08T22:31:13","guid":{"rendered":"https:\/\/testesjps.pt\/?page_id=155"},"modified":"2026-05-14T12:49:19","modified_gmt":"2026-05-14T12:49:19","slug":"rig","status":"publish","type":"page","link":"https:\/\/www.cninfante.pt\/en\/rig\/","title":{"rendered":"RIG \u2013\u00a0Regata Internacional de Gondomar"},"content":{"rendered":"<p class=\"has-text-align-center\"><em>(ver site oficial externo: <a href=\"https:\/\/www.regatainternacionalgondomar.com\/\">https:\/\/www.regatainternacionalgondomar.com\/<\/a>)<\/em><\/p>\n\n\n\n<h2 class=\"wp-block-heading has-text-color has-link-color wp-elements-6851dc95c6189082a6139a02f15db180\" style=\"color:#203263\">Documentos<\/h2>\n\n\n\n<div id=\"wp-block-themeisle-blocks-tabs-c3e8155b\" class=\"wp-block-themeisle-blocks-tabs is-align-left\"><div class=\"wp-block-themeisle-blocks-tabs__content\">\n<div data-title=\"Hor\u00e1rios\" class=\"wp-block-themeisle-blocks-tabs-item\"><div class=\"wp-block-themeisle-blocks-tabs-item__header\" tabindex=\"0\">Hor\u00e1rios<\/div><div class=\"wp-block-themeisle-blocks-tabs-item__content\">\n<p>Data: 17 de maio de 2026<br>Local: Pista de Melres, Gondomar, Portugal<\/p>\n\n\n\n<figure class=\"wp-block-table is-style-stripes\"><table><thead><tr><th>Hora<\/th><th>N.\u00ba de regata<\/th><th>Nome da regata<\/th><th>Fase<\/th><th>Dist\u00e2ncia<\/th><\/tr><\/thead><tbody><tr><td>9:30<\/td><td>1<\/td><td>4x Femininos<\/td><td>1.\u00aa Eliminat\u00f3ria<\/td><td>1500 m<\/td><\/tr><tr><td>9:35<\/td><td>2<\/td><td>4x Femininos<\/td><td>2.\u00aa Eliminat\u00f3ria<\/td><td>1500 m<\/td><\/tr><tr><td>9:40<\/td><td>3<\/td><td>4- Masculinos<\/td><td>1.\u00aa Eliminat\u00f3ria<\/td><td>1500 m<\/td><\/tr><tr><td>9:45<\/td><td>4<\/td><td>4- Masculinos<\/td><td>2.\u00aa Eliminat\u00f3ria<\/td><td>1500 m<\/td><\/tr><tr><td>9:50<\/td><td>5<\/td><td>4x Masculinos<\/td><td>1.\u00aa Eliminat\u00f3ria<\/td><td>1500 m<\/td><\/tr><tr><td>9:55<\/td><td>6<\/td><td>4x Masculinos<\/td><td>2.\u00aa Eliminat\u00f3ria<\/td><td>1500 m<\/td><\/tr><tr><td>10:00<\/td><td>7<\/td><td>4x Masculinos<\/td><td>3.\u00aa Eliminat\u00f3ria<\/td><td>1500 m<\/td><\/tr><tr><td>10:05<\/td><td>8<\/td><td>1x Femininos<\/td><td>1.\u00aa Eliminat\u00f3ria<\/td><td>1500 m<\/td><\/tr><tr><td>10:10<\/td><td>9<\/td><td>1x Femininos<\/td><td>2.\u00aa Eliminat\u00f3ria<\/td><td>1500 m<\/td><\/tr><tr><td>10:15<\/td><td>10<\/td><td>1x Femininos<\/td><td>3.\u00aa Eliminat\u00f3ria<\/td><td>1500 m<\/td><\/tr><tr><td>10:20<\/td><td>11<\/td><td>1x Femininos<\/td><td>4.\u00aa Eliminat\u00f3ria<\/td><td>1500 m<\/td><\/tr><tr><td>10:25<\/td><td>12<\/td><td>2x Femininos<\/td><td>1.\u00aa Eliminat\u00f3ria<\/td><td>1500 m<\/td><\/tr><tr><td>10:30<\/td><td>13<\/td><td>2x Femininos<\/td><td>2.\u00aa Eliminat\u00f3ria<\/td><td>1500 m<\/td><\/tr><tr><td>10:35<\/td><td>14<\/td><td>2x Femininos<\/td><td>3.\u00aa Eliminat\u00f3ria<\/td><td>1500 m<\/td><\/tr><tr><td>10:40<\/td><td>15<\/td><td>2x Femininos<\/td><td>4.\u00aa Eliminat\u00f3ria<\/td><td>1500 m<\/td><\/tr><tr><td>10:45<\/td><td>16<\/td><td>1x Masculinos<\/td><td>1.\u00aa Eliminat\u00f3ria<\/td><td>1500 m<\/td><\/tr><tr><td>10:50<\/td><td>17<\/td><td>1x Masculinos<\/td><td>2.\u00aa Eliminat\u00f3ria<\/td><td>1500 m<\/td><\/tr><tr><td>10:55<\/td><td>18<\/td><td>1x Masculinos<\/td><td>3.\u00aa Eliminat\u00f3ria<\/td><td>1500 m<\/td><\/tr><tr><td>11:00<\/td><td>19<\/td><td>1x Masculinos<\/td><td>4.\u00aa Eliminat\u00f3ria<\/td><td>1500 m<\/td><\/tr><tr><td>11:05<\/td><td>20<\/td><td>1x Masculinos<\/td><td>5.\u00aa Eliminat\u00f3ria<\/td><td>1500 m<\/td><\/tr><tr><td>11:10<\/td><td>21<\/td><td>1x Masculinos<\/td><td>6.\u00aa Eliminat\u00f3ria<\/td><td>1500 m<\/td><\/tr><tr><td>11:15<\/td><td>22<\/td><td>2- Masculinos<\/td><td>1.\u00aa Eliminat\u00f3ria<\/td><td>1500 m<\/td><\/tr><tr><td>11:20<\/td><td>23<\/td><td>2- Masculinos<\/td><td>2.\u00aa Eliminat\u00f3ria<\/td><td>1500 m<\/td><\/tr><tr><td>11:25<\/td><td>24<\/td><td>2- Masculinos<\/td><td>3.\u00aa Eliminat\u00f3ria<\/td><td>1500 m<\/td><\/tr><tr><td>11:30<\/td><td>25<\/td><td>2x Masculinos<\/td><td>1.\u00aa Eliminat\u00f3ria<\/td><td>1500 m<\/td><\/tr><tr><td>11:35<\/td><td>26<\/td><td>2x Masculinos<\/td><td>2.\u00aa Eliminat\u00f3ria<\/td><td>1500 m<\/td><\/tr><tr><td>11:40<\/td><td>27<\/td><td>2x Masculinos<\/td><td>3.\u00aa Eliminat\u00f3ria<\/td><td>1500 m<\/td><\/tr><tr><td>11:45<\/td><td>28<\/td><td>2x Masculinos<\/td><td>4.\u00aa Eliminat\u00f3ria<\/td><td>1500 m<\/td><\/tr><tr><td>11:50<\/td><td>29<\/td><td>2x Masculinos<\/td><td>5.\u00aa Eliminat\u00f3ria<\/td><td>1500 m<\/td><\/tr><tr><td>12:20<\/td><td>30<\/td><td>8+ Masculinos<\/td><td>1.\u00aa Eliminat\u00f3ria<\/td><td>1500 m<\/td><\/tr><tr><td>12:25<\/td><td>31<\/td><td>8+ Masculinos<\/td><td>2.\u00aa Eliminat\u00f3ria<\/td><td>1500 m<\/td><\/tr><tr><td>12:30<\/td><td>32<\/td><td>4x Femininos<\/td><td>Final B<\/td><td>1500 m<\/td><\/tr><tr><td>12:35<\/td><td>33<\/td><td>4- Masculinos<\/td><td>Final B<\/td><td>1500 m<\/td><\/tr><tr><td>12:40<\/td><td>34<\/td><td>4x Masculinos<\/td><td>Final B<\/td><td>1500 m<\/td><\/tr><tr><td>12:45<\/td><td>35<\/td><td>1x Femininos<\/td><td>Final B<\/td><td>1500 m<\/td><\/tr><tr><td>12:50<\/td><td>36<\/td><td>2x Femininos<\/td><td>Final B<\/td><td>1500 m<\/td><\/tr><tr><td>12:55<\/td><td>37<\/td><td>1x Masculinos<\/td><td>Final B<\/td><td>1500 m<\/td><\/tr><tr><td>13:00<\/td><td>38<\/td><td>2- Masculinos<\/td><td>Final B<\/td><td>1500 m<\/td><\/tr><tr><td>13:05<\/td><td>39<\/td><td>2x Masculinos<\/td><td>Final B<\/td><td>1500 m<\/td><\/tr><tr><td>13:10<\/td><td>40<\/td><td>8+ Masculinos<\/td><td>Final B<\/td><td>1500 m<\/td><\/tr><tr><td>14:30<\/td><td>41<\/td><td>4x Femininos<\/td><td>Final A<\/td><td>1500 m<\/td><\/tr><tr><td>14:40<\/td><td>42<\/td><td>1x Para Remo F\/M<\/td><td>Final A<\/td><td>1000 m<\/td><\/tr><tr><td>14:50<\/td><td>43<\/td><td>4x Sub17 Femininos<\/td><td>Final A<\/td><td>1500 m<\/td><\/tr><tr><td>15:00<\/td><td>44<\/td><td>8+ Sub17 Masculino<\/td><td>Final A<\/td><td>1500 m<\/td><\/tr><tr><td>15:10<\/td><td>45<\/td><td>4- Masculinos<\/td><td>Final A<\/td><td>1500 m<\/td><\/tr><tr><td>15:20<\/td><td>46<\/td><td>4x Masculinos<\/td><td>Final A<\/td><td>1500 m<\/td><\/tr><tr><td>15:30<\/td><td>47<\/td><td>1x Femininos<\/td><td>Final A<\/td><td>1500 m<\/td><\/tr><tr><td>15:40<\/td><td>48<\/td><td>2- Femininos<\/td><td>Final A<\/td><td>1500 m<\/td><\/tr><tr><td>15:50<\/td><td>49<\/td><td>2x Femininos<\/td><td>Final A<\/td><td>1500 m<\/td><\/tr><tr><td>16:00<\/td><td>50<\/td><td>1x Masculinos<\/td><td>Final A<\/td><td>1500 m<\/td><\/tr><tr><td>16:10<\/td><td>51<\/td><td>2- Masculinos<\/td><td>Final A<\/td><td>1500 m<\/td><\/tr><tr><td>16:20<\/td><td>52<\/td><td>2x Masculinos<\/td><td>Final A<\/td><td>1500 m<\/td><\/tr><tr><td>16:30<\/td><td>53<\/td><td>8+ Femininos<\/td><td>Final A<\/td><td>1500 m<\/td><\/tr><tr><td>16:40<\/td><td>54<\/td><td>1x Para Remo Masculino<\/td><td>Final A<\/td><td>1000 m<\/td><\/tr><tr><td>16:50<\/td><td>55<\/td><td>4x Misto<\/td><td>Final A<\/td><td>1500 m<\/td><\/tr><tr><td>17:00<\/td><td>56<\/td><td>8+ Masculinos<\/td><td>Final A<\/td><td>1500 m<\/td><\/tr><\/tbody><\/table><\/figure>\n<\/div><\/div>\n\n\n\n<div data-title=\"Caderno de provas\" class=\"wp-block-themeisle-blocks-tabs-item\"><div class=\"wp-block-themeisle-blocks-tabs-item__header\" tabindex=\"0\">Caderno de provas<\/div><div class=\"wp-block-themeisle-blocks-tabs-item__content\">\n<div data-wp-interactive=\"core\/file\" class=\"wp-block-file\"><object data-wp-bind--hidden=\"!state.hasPdfPreview\" hidden class=\"wp-block-file__embed\" data=\"https:\/\/www.cninfante.pt\/wp-content\/uploads\/2026\/05\/Nominal_RIGv3.pdf\" type=\"application\/pdf\" style=\"width:100%;height:600px\" aria-label=\"Embed of Nominal_RIGv3.\"><\/object><a id=\"wp-block-file--media-e8d65868-1aba-4aca-b5e3-49edadd0c932\" href=\"https:\/\/www.cninfante.pt\/wp-content\/uploads\/2026\/05\/Nominal_RIGv3.pdf\">Nominal_RIGv3<\/a><a href=\"https:\/\/www.cninfante.pt\/wp-content\/uploads\/2026\/05\/Nominal_RIGv3.pdf\" class=\"wp-block-file__button wp-element-button\" download aria-describedby=\"wp-block-file--media-e8d65868-1aba-4aca-b5e3-49edadd0c932\">Download<\/a><\/div>\n<\/div><\/div>\n\n\n\n<div data-title=\"Regras\" class=\"wp-block-themeisle-blocks-tabs-item\"><div class=\"wp-block-themeisle-blocks-tabs-item__header\" tabindex=\"0\">Regras<\/div><div class=\"wp-block-themeisle-blocks-tabs-item__content\">\n<div class=\"wp-block-file\"><a id=\"wp-block-file--media-0f5c0280-0686-4d8c-a6b3-e1657ebf3a79\" href=\"https:\/\/www.cninfante.pt\/wp-content\/uploads\/2026\/05\/Anteprograma_RIG_2026_2.pdf\" target=\"_blank\" rel=\"noreferrer noopener\">Anteprograma_RIG_2026_2<\/a><a href=\"https:\/\/www.cninfante.pt\/wp-content\/uploads\/2026\/05\/Anteprograma_RIG_2026_2.pdf\" class=\"wp-block-file__button wp-element-button\" download aria-describedby=\"wp-block-file--media-0f5c0280-0686-4d8c-a6b3-e1657ebf3a79\">Download<\/a><\/div>\n\n\n\n<figure class=\"wp-block-image size-large\"><img loading=\"lazy\" decoding=\"async\" width=\"1024\" height=\"923\" src=\"https:\/\/www.cninfante.pt\/wp-content\/uploads\/2026\/05\/image-1024x923.png\" alt=\"\" class=\"wp-image-7639\" srcset=\"https:\/\/www.cninfante.pt\/wp-content\/uploads\/2026\/05\/image-1024x923.png 1024w, https:\/\/www.cninfante.pt\/wp-content\/uploads\/2026\/05\/image-300x270.png 300w, https:\/\/www.cninfante.pt\/wp-content\/uploads\/2026\/05\/image-768x692.png 768w, https:\/\/www.cninfante.pt\/wp-content\/uploads\/2026\/05\/image-13x12.png 13w, https:\/\/www.cninfante.pt\/wp-content\/uploads\/2026\/05\/image.png 1231w\" sizes=\"(max-width: 1024px) 100vw, 1024px\" \/><\/figure>\n<\/div><\/div>\n\n\n\n<div data-title=\"Resultados\" class=\"wp-block-themeisle-blocks-tabs-item\"><div class=\"wp-block-themeisle-blocks-tabs-item__header\" tabindex=\"0\">Resultados<\/div><div class=\"wp-block-themeisle-blocks-tabs-item__content\">\n<p><em>Os resultados aparecer\u00e3o aqui<\/em><\/p>\n<\/div><\/div>\n<\/div><\/div>\n\n\n\n<h2 class=\"wp-block-heading has-text-color has-link-color wp-elements-22ddb322dde92efecc692f3d240a8503\" style=\"color:#203263\">\u00daltimas not\u00edcias<\/h2>\n\n\n<div class=\"is-style-boxed wp-block-themeisle-blocks-posts-grid\" id=\"wp-block-themeisle-blocks-posts-grid-322a04b4\"><div class=\"is-grid o-posts-grid-columns-3\"><div class=\"o-posts-grid-post-blog o-posts-grid-post-plain\"><div class=\"o-posts-grid-post\"><div class=\"o-posts-grid-post-image\"><a href=\"https:\/\/www.cninfante.pt\/en\/2026\/05\/12\/informacao-importante-45a-rig\/\"><img loading=\"lazy\" decoding=\"async\" width=\"360\" height=\"240\" src=\"https:\/\/www.cninfante.pt\/wp-content\/uploads\/2026\/05\/RIG_previews-site-720-x-480-px-360x240.png\" class=\"attachment-hestia-blog size-hestia-blog\" alt=\"INFORMA\u00c7\u00c3O IMPORTANTE | 45\u00aa RIG\" srcset=\"https:\/\/www.cninfante.pt\/wp-content\/uploads\/2026\/05\/RIG_previews-site-720-x-480-px-360x240.png 360w, https:\/\/www.cninfante.pt\/wp-content\/uploads\/2026\/05\/RIG_previews-site-720-x-480-px-300x200.png 300w, https:\/\/www.cninfante.pt\/wp-content\/uploads\/2026\/05\/RIG_previews-site-720-x-480-px-18x12.png 18w, https:\/\/www.cninfante.pt\/wp-content\/uploads\/2026\/05\/RIG_previews-site-720-x-480-px.png 720w\" sizes=\"(max-width: 360px) 100vw, 360px\" \/><\/a><\/div><div class=\"o-posts-grid-post-body\"><h4 class=\"o-posts-grid-post-title\"><a href=\"https:\/\/www.cninfante.pt\/en\/2026\/05\/12\/informacao-importante-45a-rig\/\">INFORMA\u00c7\u00c3O IMPORTANTE | 45\u00aa RIG<\/a><\/h4><div class=\"o-posts-grid-post-description\"><p>Informamos que o acesso principal a Melres, Gondomar, \u00e9 efetuado atrav\u00e9s da Estrada Nacional 108 (EN\u2026<\/p><\/div><\/div><\/div><\/div><div class=\"o-posts-grid-post-blog o-posts-grid-post-plain\"><div class=\"o-posts-grid-post\"><div class=\"o-posts-grid-post-image\"><a href=\"https:\/\/www.cninfante.pt\/en\/2026\/05\/10\/45a-regata-internacional-de-gondomar\/\"><img loading=\"lazy\" decoding=\"async\" width=\"360\" height=\"240\" src=\"https:\/\/www.cninfante.pt\/wp-content\/uploads\/2026\/05\/RIG_previews-site-720-x-480-px-1-360x240.png\" class=\"attachment-hestia-blog size-hestia-blog\" alt=\"45\u00aa Regata Internacional de Gondomar\" srcset=\"https:\/\/www.cninfante.pt\/wp-content\/uploads\/2026\/05\/RIG_previews-site-720-x-480-px-1-360x240.png 360w, https:\/\/www.cninfante.pt\/wp-content\/uploads\/2026\/05\/RIG_previews-site-720-x-480-px-1-300x200.png 300w, https:\/\/www.cninfante.pt\/wp-content\/uploads\/2026\/05\/RIG_previews-site-720-x-480-px-1-18x12.png 18w, https:\/\/www.cninfante.pt\/wp-content\/uploads\/2026\/05\/RIG_previews-site-720-x-480-px-1.png 720w\" sizes=\"(max-width: 360px) 100vw, 360px\" \/><\/a><\/div><div class=\"o-posts-grid-post-body\"><h4 class=\"o-posts-grid-post-title\"><a href=\"https:\/\/www.cninfante.pt\/en\/2026\/05\/10\/45a-regata-internacional-de-gondomar\/\">45\u00aa Regata Internacional de Gondomar<\/a><\/h4><div class=\"o-posts-grid-post-description\"><p>O Clube Naval Infante D. Henrique convida todos os atletas, clubes, entidades e amantes do Remo a pa\u2026<\/p><\/div><\/div><\/div><\/div><\/div> <div class=\"o-posts-grid-pag\"><\/div><\/div>\n\n\n<h2 class=\"wp-block-heading has-text-color has-link-color wp-elements-50348cf2e960893790e769b3abdea562\" style=\"color:#203263\">Um percurso de refer\u00eancia no Rio Douro<\/h2>\n\n\n\n<p>A <strong>Regata Internacional de Gondomar (RIG)<\/strong> \u00e9 uma das provas mais emblem\u00e1ticas do remo em Portugal e um momento alto do calend\u00e1rio desportivo na regi\u00e3o do Douro. Realiza-se na pista de <strong>Melres<\/strong>, num cen\u00e1rio natural \u00fanico, juntando clubes, atletas e equipas t\u00e9cnicas para dois dias de competi\u00e7\u00e3o, conv\u00edvio e celebra\u00e7\u00e3o da modalidade.<\/p>\n\n\n\n<p>A RIG decorre num <strong>percurso de classe mundial no Douro<\/strong>, conhecido por proporcionar <strong>condi\u00e7\u00f5es r\u00e1pidas e justas de corrida<\/strong>. A log\u00edstica \u00e9 simples para clubes e equipas, com boa acessibilidade para reboques e apoio no local, e com a cidade do Porto e o <strong>Aeroporto Francisco S\u00e1 Carneiro (OPO)<\/strong> a curta dist\u00e2ncia.<\/p>\n\n\n\n<figure class=\"wp-block-embed is-type-video is-provider-youtube wp-block-embed-youtube wp-embed-aspect-16-9 wp-has-aspect-ratio\"><div class=\"wp-block-embed__wrapper\">\n<iframe loading=\"lazy\" title=\"Remo: Regata Gondomar Centen\u00e1rio - 18\/05\/2025\" width=\"750\" height=\"422\" src=\"https:\/\/www.youtube.com\/embed\/o1jzzzRMxRk?feature=oembed\" frameborder=\"0\" allow=\"accelerometer; autoplay; clipboard-write; encrypted-media; gyroscope; picture-in-picture; web-share\" referrerpolicy=\"strict-origin-when-cross-origin\" allowfullscreen><\/iframe>\n<\/div><\/figure>\n\n\n\n<div style=\"height:25px\" aria-hidden=\"true\" class=\"wp-block-spacer\"><\/div>\n\n\n\n<h2 class=\"wp-block-heading has-text-color has-link-color wp-elements-5040ec30290654621d2403c836279ba9\" style=\"color:#203263\">Tradi\u00e7\u00e3o, miss\u00e3o e paix\u00e3o pelo remo<\/h2>\n\n\n\n<p>O <strong>Clube Naval Infante D. Henrique<\/strong>, fundado em 1925, sempre tirou partido da sua localiza\u00e7\u00e3o privilegiada nas margens do Douro para formar atletas e desenvolver o remo com exig\u00eancia, consist\u00eancia e dedica\u00e7\u00e3o. A RIG \u00e9 um s\u00edmbolo dessa miss\u00e3o: <strong>promover a nobre arte do remo<\/strong>, valorizando o desporto, a forma\u00e7\u00e3o e o esp\u00edrito de supera\u00e7\u00e3o que tem marcado gera\u00e7\u00f5es de atletas.<\/p>\n\n\n\n<p>Ao longo das edi\u00e7\u00f5es, a regata consolidou-se como uma refer\u00eancia, reunindo um alinhamento competitivo forte e oferecendo um <strong>verdadeiro \u201cpalco\u201d para o remo nacional e internacional<\/strong>.<\/p>\n\n\n\n<div style=\"height:10px\" aria-hidden=\"true\" class=\"wp-block-spacer\"><\/div>\n\n\n\n<section id=\"wp-block-themeisle-blocks-advanced-columns-cb87630d\" class=\"wp-block-themeisle-blocks-advanced-columns alignfull has-1-columns has-desktop-equal-layout has-tablet-equal-layout has-mobile-equal-layout has-vertical-center has-dark-bg\"><div class=\"wp-block-themeisle-blocks-advanced-columns-overlay\"><\/div><div class=\"innerblocks-wrap\">\n<div id=\"wp-block-themeisle-blocks-advanced-column-a521c34e\" class=\"wp-block-themeisle-blocks-advanced-column\">\n<h2 id=\"wp-block-themeisle-blocks-advanced-heading-856de402\" class=\"wp-block-themeisle-blocks-advanced-heading wp-block-themeisle-blocks-advanced-heading-856de402\"><strong>Participa\u00e7\u00e3o e contactos<\/strong><\/h2>\n\n\n\n<p>Alojamento dispon\u00edvel no <a href=\"https:\/\/www.cninfante.pt\/en\/centro-de-estagios\/\" data-type=\"page\" data-id=\"102\">Centro de Est\u00e1gios do Infante<\/a>.<br>Para informa\u00e7\u00f5es sobre inscri\u00e7\u00f5es, log\u00edstica e programa da prova, entra em contacto connosco:<\/p>\n\n\n\n<p><strong>Email:<\/strong> <a>secretaria@cninfante.pt<\/a> | <a>geral@cninfante.pt<\/a><\/p>\n<\/div>\n<\/div><\/section>\n\n\n\n<div style=\"height:10px\" aria-hidden=\"true\" class=\"wp-block-spacer\"><\/div>\n\n\n\n<div style=\"height:10px\" aria-hidden=\"true\" class=\"wp-block-spacer\"><\/div>\n\n\n\n<h2 class=\"wp-block-heading has-text-color has-link-color wp-elements-631b085b6dd1ad9e05dde6e02845ceaf\" style=\"color:#203263\">Organiza\u00e7\u00e3o e agradecimentos<\/h2>\n\n\n\n<p>A RIG \u00e9 organizada pelo <strong>Clube Naval Infante D. Henrique<\/strong>, com o apoio da <strong>Federa\u00e7\u00e3o Portuguesa de Remo<\/strong>, do <strong>Munic\u00edpio de Gondomar<\/strong> e da <strong>Uni\u00e3o de Freguesias de Medas e Melres<\/strong>, al\u00e9m de patrocinadores e parceiros cuja colabora\u00e7\u00e3o \u00e9 fundamental para garantir condi\u00e7\u00f5es de excel\u00eancia.<\/p>\n\n\n\n<p>A todos os clubes, atletas, equipas t\u00e9cnicas, \u00e1rbitros, volunt\u00e1rios, patrocinadores e p\u00fablico: <strong>obrigado por fazerem parte desta hist\u00f3ria<\/strong>. Que a RIG continue a honrar a ess\u00eancia do remo: esfor\u00e7o, supera\u00e7\u00e3o e camaradagem, e que cada remada no Douro seja uma celebra\u00e7\u00e3o da modalidade.<\/p>\n\n\n\n<div style=\"height:10px\" aria-hidden=\"true\" class=\"wp-block-spacer\"><\/div>\n\n\n\n<h2 class=\"wp-block-heading has-text-color has-link-color wp-elements-dc0a412f688902a0870e1a805bdfdd09\" style=\"color:#203263\">Curiosidades<\/h2>\n\n\n\n<ul class=\"wp-block-list\">\n<li>Na 44\u00aa edi\u00e7\u00e3o (2025) da RIG, em que se assinalou o centen\u00e1rio do Infante, competiram duas embar\u00e7\u00f5es 8+ da <strong>Universidade de Oxford<\/strong> e da <strong>Universidade de Cambridge<\/strong>.<\/li>\n\n\n\n<li>Na edi\u00e7\u00e3o de 2020, dadas as dificuldades de participa\u00e7\u00e3o internacional em consequ\u00eancia da pandemia Covid-19, adotou-se o nome <strong>RG &#8211; Regata de Gondomar<\/strong>.<\/li>\n<\/ul>\n\n\n\n<div style=\"height:40px\" aria-hidden=\"true\" class=\"wp-block-spacer\"><\/div>","protected":false},"excerpt":{"rendered":"<p>(ver site oficial externo: https:\/\/www.regatainternacionalgondomar.com\/) Documentos \u00daltimas not\u00edcias Um percurso de refer\u00eancia no Rio Douro A Regata Internacional de Gondomar (RIG) \u00e9 uma das provas mais emblem\u00e1ticas do remo em Portugal e um momento alto do calend\u00e1rio desportivo na regi\u00e3o do Douro. Realiza-se na pista de Melres, num cen\u00e1rio natural [&hellip;]<\/p>\n","protected":false},"author":1,"featured_media":7612,"parent":0,"menu_order":0,"comment_status":"closed","ping_status":"closed","template":"","meta":{"_themeisle_gutenberg_block_has_review":false,"footnotes":""},"class_list":["post-155","page","type-page","status-publish","has-post-thumbnail","hentry"],"_links":{"self":[{"href":"https:\/\/www.cninfante.pt\/en\/wp-json\/wp\/v2\/pages\/155","targetHints":{"allow":["GET"]}}],"collection":[{"href":"https:\/\/www.cninfante.pt\/en\/wp-json\/wp\/v2\/pages"}],"about":[{"href":"https:\/\/www.cninfante.pt\/en\/wp-json\/wp\/v2\/types\/page"}],"author":[{"embeddable":true,"href":"https:\/\/www.cninfante.pt\/en\/wp-json\/wp\/v2\/users\/1"}],"replies":[{"embeddable":true,"href":"https:\/\/www.cninfante.pt\/en\/wp-json\/wp\/v2\/comments?post=155"}],"version-history":[{"count":18,"href":"https:\/\/www.cninfante.pt\/en\/wp-json\/wp\/v2\/pages\/155\/revisions"}],"predecessor-version":[{"id":7644,"href":"https:\/\/www.cninfante.pt\/en\/wp-json\/wp\/v2\/pages\/155\/revisions\/7644"}],"wp:featuredmedia":[{"embeddable":true,"href":"https:\/\/www.cninfante.pt\/en\/wp-json\/wp\/v2\/media\/7612"}],"wp:attachment":[{"href":"https:\/\/www.cninfante.pt\/en\/wp-json\/wp\/v2\/media?parent=155"}],"curies":[{"name":"wp","href":"https:\/\/api.w.org\/{rel}","templated":true}]}}