{"id":3,"date":"2025-12-02T21:44:20","date_gmt":"2025-12-02T21:44:20","guid":{"rendered":"https:\/\/testesjps.pt\/?page_id=3"},"modified":"2025-12-02T21:44:20","modified_gmt":"2025-12-02T21:44:20","slug":"privacy-policy","status":"publish","type":"page","link":"https:\/\/www.cninfante.pt\/en\/privacy-policy\/","title":{"rendered":"Legal Information and Data Protection Policy"},"content":{"rendered":"<h2 class=\"wp-block-heading\">Identification of the Website Owner<\/h2>\n\n\n\n<p class=\"translation-block\"><strong>Name of the Organisation<\/strong>: Clube Naval Infante D. Henrique<br><strong>Head Office<\/strong>: Av. Escritor Costa Barreto, 3000<br>4420-445 Valbom \u2013 Gondomar<br><strong>Tax ID No.<\/strong>: 501626000<br><strong>Contact Details<\/strong>:<br><strong>Telephone<\/strong>: 925045278<br><strong>Email<\/strong>: <a href=\"mailto:geral@cninfante.pt\" target=\"_self\">geral@cninfante.pt<\/a><br><strong>Opening Hours<\/strong>: Tuesdays to Thursdays from 5:30 pm to 8:00 pm and Saturdays from 9:00 am to 1:00 pm<\/p>\n\n\n\n<h2 class=\"wp-block-heading\"><strong>Terms and Conditions of Use<\/strong><\/h2>\n\n\n\n<p>This website aims to promote the activities, events and institutional information of Clube Naval Infante D. Henrique. Services such as registrations for events or activities may be made available, with the specific conditions clearly indicated at the time of registration.<\/p>\n\n\n\n<h2 class=\"wp-block-heading\">Exchange and Refund Policy<\/h2>\n\n\n\n<p>The Club does not sell physical products through the website. Should services or online registrations be made available, the specific conditions will be clearly indicated at the time of registration.<\/p>\n\n\n\n<p><strong>Event registrations<\/strong>: Registrations made through the website are non-refundable, except in cases where this is expressly provided for in the specific regulations of the event. This policy aims to ensure commitment and proper planning of activities.<\/p>\n\n\n\n<h2 class=\"wp-block-heading\">Delivery of Services<\/h2>\n\n\n\n<p>Any services made available online, such as registrations for events or activities, will be provided in accordance with the specific conditions indicated in each case.<\/p>\n\n\n\n<h2 class=\"wp-block-heading\">Arbitration Centre<\/h2>\n\n\n\n<p>In the event of a consumer dispute, the consumer may refer the matter to the Porto Consumer Disputes Arbitration Centre:<\/p>\n\n\n\n<p><strong>Centro de Informa\u00e7\u00e3o de Consumo e Arbitragem do Porto<br><\/strong>Address: Rua Dami\u00e3o de G\u00f3is, 31, Loja 6, 4050-225 Porto<br>Phone: +351 225 508 349<br>Email: cicap@cicap.pt<br>Website: www.cicap.pt<\/p>\n\n\n\n<h2 class=\"wp-block-heading\">Privacy and Data Protection Policy<\/h2>\n\n\n\n<p>Clube Naval Infante D. Henrique is committed to protecting the privacy of the users of its website, in accordance with the General Data Protection Regulation (GDPR) and the applicable national legislation.<\/p>\n\n\n\n<p><strong>Data Controller<\/strong>: Arnaldo Azevedo (Presidente)<br><strong>Purpose of Data Collection<\/strong>: The data collected through the website is intended exclusively for managing contacts, registrations for activities and sending information related to the Club.<br><strong>Rights of Data Subjects<\/strong>: Users have the right to access, rectify, erase or restrict the processing of their personal data. To exercise these rights, they should contact the Club by email at&nbsp;<a href=\"mailto:geral@cninfante.pt\">geral@cninfante.pt<\/a>.<br><strong>Data Retention<\/strong>: Personal data will be retained only for the period necessary for the purpose for which it is intended.<\/p>\n\n\n\n<h2 class=\"wp-block-heading\">Cookie Policy<\/h2>\n\n\n\n<p>This website uses cookies that are strictly necessary for its operation, in order to ensure the best possible browsing experience. These cookies enable basic functions such as navigation between pages and access to secure areas of the website. Users may configure their browser to block or alert them about these cookies, but some parts of the website may not function properly without them.<\/p>","protected":false},"excerpt":{"rendered":"<p>Identifica\u00e7\u00e3o do Titular do Website Nome da Entidade: Clube Naval Infante D. HenriqueSede: Av. Escritor Costa Barreto, 30004420-445 Valbom \u2013 GondomarNIF: 501626000Contactos:Telefone: 925045278Email:&nbsp;geral@cninfante.ptHor\u00e1rio de atendimento: Ter\u00e7as a 5\u00aa feiras das 17h30 \u00e0s 20h00 e s\u00e1bados das 09h00 \u00e0s 13h00 Termos e Condi\u00e7\u00f5es de Utiliza\u00e7\u00e3o Este website tem como objetivo divulgar [&hellip;]<\/p>\n","protected":false},"author":1,"featured_media":0,"parent":0,"menu_order":0,"comment_status":"closed","ping_status":"open","template":"","meta":{"_themeisle_gutenberg_block_has_review":false,"footnotes":""},"class_list":["post-3","page","type-page","status-publish","hentry"],"_links":{"self":[{"href":"https:\/\/www.cninfante.pt\/en\/wp-json\/wp\/v2\/pages\/3","targetHints":{"allow":["GET"]}}],"collection":[{"href":"https:\/\/www.cninfante.pt\/en\/wp-json\/wp\/v2\/pages"}],"about":[{"href":"https:\/\/www.cninfante.pt\/en\/wp-json\/wp\/v2\/types\/page"}],"author":[{"embeddable":true,"href":"https:\/\/www.cninfante.pt\/en\/wp-json\/wp\/v2\/users\/1"}],"replies":[{"embeddable":true,"href":"https:\/\/www.cninfante.pt\/en\/wp-json\/wp\/v2\/comments?post=3"}],"version-history":[{"count":0,"href":"https:\/\/www.cninfante.pt\/en\/wp-json\/wp\/v2\/pages\/3\/revisions"}],"wp:attachment":[{"href":"https:\/\/www.cninfante.pt\/en\/wp-json\/wp\/v2\/media?parent=3"}],"curies":[{"name":"wp","href":"https:\/\/api.w.org\/{rel}","templated":true}]}}