{"id":51,"date":"2026-03-29T23:50:56","date_gmt":"2026-03-29T23:50:56","guid":{"rendered":"http:\/\/novo.cninfante.pt\/?page_id=51"},"modified":"2026-03-30T12:14:38","modified_gmt":"2026-03-30T12:14:38","slug":"home","status":"publish","type":"page","link":"https:\/\/www.cninfante.pt\/en\/","title":{"rendered":"Home"},"content":{"rendered":"<div class=\"wp-block-cover alignfull is-light hestia-clear-top-padding\"><span aria-hidden=\"true\" class=\"wp-block-cover__background has-white-background-color has-background-dim-100 has-background-dim\"><\/span><div class=\"wp-block-cover__inner-container is-layout-flow wp-block-cover-is-layout-flow\">\n<h2 class=\"wp-block-heading has-text-align-center has-text-color\" style=\"color:#3c4858\">What you\u2019ll find at INFANTE<\/h2>\n\n\n\n<div class=\"wp-block-group\"><div class=\"wp-block-group__inner-container is-layout-constrained wp-block-group-is-layout-constrained\">\n<p><\/p>\n<\/div><\/div>\n\n\n\n<div class=\"wp-block-columns container is-layout-flex wp-container-core-columns-is-layout-28f84493 wp-block-columns-is-layout-flex\">\n<div class=\"wp-block-column is-layout-flow wp-block-column-is-layout-flow\"><div class=\"wp-block-image\">\n<figure class=\"aligncenter size-full is-resized\"><img decoding=\"async\" src=\"https:\/\/testesjps.pt\/wp-content\/uploads\/2025\/12\/1-1.png\" alt=\"\" class=\"wp-image-318\" style=\"width:auto;height:72px\"\/><\/figure>\n<\/div>\n\n\n<h5 class=\"wp-block-heading has-text-align-center has-text-color\" style=\"color:#3c4858;font-size:18px\">Learn to row<\/h5>\n\n\n\n<p class=\"has-text-align-center has-text-color\" style=\"color:#999999;font-size:14px\">Sports development based on <strong>values<\/strong>, discipline and teamwork, with a particular focus on <strong><a href=\"https:\/\/testesjps.pt\/competicao\/\" data-type=\"page\" data-id=\"147\">youth development<\/a><\/strong>. INFANTE also offers <strong><a href=\"https:\/\/testesjps.pt\/remo-de-lazer\/\" data-type=\"page\" data-id=\"271\">introductory and recreational rowing for adults (English-friendly)<\/a><\/strong>in a safe and welcoming environment, for those who wish to discover the sport or row for leisure.<\/p>\n\n\n\n<div id=\"wp-block-themeisle-blocks-button-group-615bfe80\" class=\"wp-block-themeisle-blocks-button-group wp-block-buttons align-center-desktop\">\n<div id=\"wp-block-themeisle-blocks-button-a8b1d562\" class=\"wp-block-themeisle-blocks-button wp-block-button\"><a href=\"\/en\/quero-comecar\/\" target=\"_blank\" rel=\"noopener noreferrer\" class=\"wp-block-button__link\"><i class=\"fas fa-fw fa-chevron-right margin-right\"><\/i><span>I want to try<\/span><\/a><\/div>\n<\/div>\n\n\n\n<div style=\"height:25px\" aria-hidden=\"true\" class=\"wp-block-spacer\"><\/div>\n<\/div>\n\n\n\n<div class=\"wp-block-column is-layout-flow wp-block-column-is-layout-flow\"><div class=\"wp-block-image\">\n<figure class=\"aligncenter size-full is-resized\"><img decoding=\"async\" src=\"https:\/\/testesjps.pt\/wp-content\/uploads\/2025\/12\/Design-sem-nome-1-1.png\" alt=\"\" class=\"wp-image-317\" style=\"width:auto;height:72px\"\/><\/figure>\n<\/div>\n\n\n<h5 class=\"wp-block-heading has-text-align-center has-text-color\" style=\"color:#3c4858;font-size:18px\">Training &amp; Competition<\/h5>\n\n\n\n<p class=\"has-text-align-center has-text-color translation-block\" style=\"color:#999999;font-size:14px\"><strong>High-quality training conditions<\/strong> on the Douro River, with technical support and <a href=\"https:\/\/testesjps.pt\/infraestrutura-de-treino\/\" data-type=\"page\" data-id=\"151\" target=\"_self\"><strong>infrastructure<\/strong><\/a> suited to different levels of demand, up to high performance. Infante also promotes <strong><a href=\"https:\/\/testesjps.pt\/remo-adaptado\/\" data-type=\"page\" data-id=\"149\" target=\"_self\">adaptive rowing<\/a><\/strong>, ensuring access to the sport for athletes with specific needs.<\/p>\n\n\n\n<div id=\"wp-block-themeisle-blocks-button-group-a1a1ad9b\" class=\"wp-block-themeisle-blocks-button-group wp-block-buttons align-center-desktop\">\n<div id=\"wp-block-themeisle-blocks-button-708a64e4\" class=\"wp-block-themeisle-blocks-button wp-block-button\"><a href=\"\/en\/competicao\/\" target=\"_blank\" rel=\"noopener noreferrer\" class=\"wp-block-button__link\"><i class=\"fas fa-fw fa-chevron-right margin-right\"><\/i><span>How rowing works<\/span><\/a><\/div>\n<\/div>\n\n\n\n<p class=\"has-text-align-center has-text-color\" style=\"color:#999999;font-size:14px\"><\/p>\n\n\n\n<div style=\"height:25px\" aria-hidden=\"true\" class=\"wp-block-spacer\"><\/div>\n<\/div>\n\n\n\n<div class=\"wp-block-column is-layout-flow wp-block-column-is-layout-flow\"><div class=\"wp-block-image\">\n<figure class=\"aligncenter size-full is-resized\"><img decoding=\"async\" src=\"https:\/\/testesjps.pt\/wp-content\/uploads\/2025\/12\/3.png\" alt=\"\" class=\"wp-image-315\" style=\"width:auto;height:72px\"\/><\/figure>\n<\/div>\n\n\n<h5 class=\"wp-block-heading has-text-align-center has-text-color\" style=\"color:#3c4858;font-size:18px\">Training Center \/ Training Campus<\/h5>\n\n\n\n<p class=\"has-text-align-center has-text-color translation-block\" style=\"color:#999999;font-size:14px\">A reference base for <strong>national and international<\/strong> rowing and canoeing <strong>training camps<\/strong>, on a stable stretch of water on the Douro River in the North of Portugal, close to Porto. It brings together <strong><a href=\"https:\/\/testesjps.pt\/instalacoes\/\" data-type=\"page\" data-id=\"125\" target=\"_self\">complete training facilities<\/a><\/strong> (boathouse, gym, ergometer room, rowing tanks, and boat rental) as well as <strong><a href=\"https:\/\/testesjps.pt\/centro-de-estagios\/\" data-type=\"page\" data-id=\"102\" target=\"_self\">accommodation<\/a><\/strong>.<\/p>\n\n\n\n<div id=\"wp-block-themeisle-blocks-button-group-534fbcd9\" class=\"wp-block-themeisle-blocks-button-group wp-block-buttons align-center-desktop\">\n<div id=\"wp-block-themeisle-blocks-button-c5d282a5\" class=\"wp-block-themeisle-blocks-button wp-block-button\"><a href=\"\/en\/centro-de-estagios\/\" target=\"_blank\" rel=\"noopener noreferrer\" class=\"wp-block-button__link\"><i class=\"fas fa-fw fa-chevron-right margin-right\"><\/i><span>Know more<\/span><\/a><\/div>\n<\/div>\n\n\n\n<p class=\"has-text-align-center has-text-color\" style=\"color:#999999;font-size:14px\"><\/p>\n\n\n\n<div style=\"height:25px\" aria-hidden=\"true\" class=\"wp-block-spacer\"><\/div>\n<\/div>\n<\/div>\n\n\n\n<div style=\"height:40px\" aria-hidden=\"true\" class=\"wp-block-spacer\"><\/div>\n<\/div><\/div>\n\n\n\n<div class=\"wp-block-columns container is-layout-flex wp-container-core-columns-is-layout-28f84493 wp-block-columns-is-layout-flex\">\n<div class=\"wp-block-column col-md-5 is-layout-flow wp-block-column-is-layout-flow\">\n<div style=\"height:55px\" aria-hidden=\"true\" class=\"wp-block-spacer\"><\/div>\n\n\n\n<h2 class=\"wp-block-heading\">Rowing at INFANTE<\/h2>\n\n\n\n<p class=\"translation-block\">At Infante, rowing combines <strong>sporting and personal development<\/strong> with a <strong>safe and inclusive<\/strong> environment.<br>We support young athletes and provide training conditions to help them progress, from <strong>beginners to competition<\/strong>.<\/p>\n\n\n\n<p><strong>Want to try it out? Get in touch<\/strong><\/p>\n<\/div>\n\n\n\n<div class=\"wp-block-column is-vertically-aligned-center col-md-6 col-md-offset1 is-layout-flow wp-block-column-is-layout-flow\">\n<div style=\"height:55px\" aria-hidden=\"true\" class=\"wp-block-spacer\"><\/div>\n\n\n\n<figure class=\"wp-block-image size-large\"><img decoding=\"async\" src=\"https:\/\/testesjps.pt\/wp-content\/uploads\/2026\/01\/barco-transparente-1024x212.png\" alt=\"\" class=\"wp-image-5992\"\/><\/figure>\n\n\n\n<p><\/p>\n<\/div>\n<\/div>\n\n\n\n<p><\/p>","protected":false},"excerpt":{"rendered":"<p>Remar no Infante No Infante, o remo alia forma\u00e7\u00e3o desportiva e pessoal a um ambiente seguro e inclusivo.Apoiamos jovens atletas e oferecemos condi\u00e7\u00f5es de treino para evoluir, da inicia\u00e7\u00e3o \u00e0 competi\u00e7\u00e3o. Queres experimentar? Fala connosco<\/p>","protected":false},"author":1,"featured_media":302,"parent":0,"menu_order":0,"comment_status":"closed","ping_status":"closed","template":"","meta":{"_themeisle_gutenberg_block_has_review":false,"footnotes":""},"class_list":["post-51","page","type-page","status-publish","has-post-thumbnail","hentry"],"_links":{"self":[{"href":"https:\/\/www.cninfante.pt\/en\/wp-json\/wp\/v2\/pages\/51","targetHints":{"allow":["GET"]}}],"collection":[{"href":"https:\/\/www.cninfante.pt\/en\/wp-json\/wp\/v2\/pages"}],"about":[{"href":"https:\/\/www.cninfante.pt\/en\/wp-json\/wp\/v2\/types\/page"}],"author":[{"embeddable":true,"href":"https:\/\/www.cninfante.pt\/en\/wp-json\/wp\/v2\/users\/1"}],"replies":[{"embeddable":true,"href":"https:\/\/www.cninfante.pt\/en\/wp-json\/wp\/v2\/comments?post=51"}],"version-history":[{"count":2,"href":"https:\/\/www.cninfante.pt\/en\/wp-json\/wp\/v2\/pages\/51\/revisions"}],"predecessor-version":[{"id":6260,"href":"https:\/\/www.cninfante.pt\/en\/wp-json\/wp\/v2\/pages\/51\/revisions\/6260"}],"wp:featuredmedia":[{"embeddable":true,"href":"https:\/\/www.cninfante.pt\/en\/wp-json\/wp\/v2\/media\/302"}],"wp:attachment":[{"href":"https:\/\/www.cninfante.pt\/en\/wp-json\/wp\/v2\/media?parent=51"}],"curies":[{"name":"wp","href":"https:\/\/api.w.org\/{rel}","templated":true}]}}